{"id":356,"date":"2024-03-05T20:31:40","date_gmt":"2024-03-05T19:31:40","guid":{"rendered":"http:\/\/ind-mtc.local\/politika-kolacica\/"},"modified":"2024-03-06T16:37:44","modified_gmt":"2024-03-06T15:37:44","slug":"cookies-politik","status":"publish","type":"page","link":"https:\/\/ind-mtc.com\/de\/cookies-politik\/","title":{"rendered":"Cookies Politik"},"content":{"rendered":"\n<p><h3><strong>Cookies<\/strong><\/h3><p><span style=\"font-weight: 400;\"><\/span><span style=\"font-weight: 400;\">Wir verwenden Cookies, um Ihnen die bestm\u00f6gliche Erfahrung auf unserer Website zu bieten. Cookies dienen unter anderem dazu, dass die Website optimal funktioniert und wir weitere Verbesserungen an der Website vornehmen k\u00f6nnen, um Ihr Surferlebnis zu verbessern.<\/span><\/p><p><span style=\"font-weight: 400;\"><\/span><span style=\"font-weight: 400;\">Ein Cookie ist eine kleine Textdatei, die ein Internetbrowser auf der Festplatte eines Endger\u00e4ts (z. B. eines Computers, eines Smartphones usw.) speichert oder beim Besuch von Websites daraus liest. Cookies tragen zur Sicherheit und Geschwindigkeit Ihrer Interaktion mit der Website bei, da sie sich an Ihre Einstellungen (z. B. Anmeldeinformationen und Sprache) erinnern, indem sie Informationen, die den Inhalt enthalten, an die urspr\u00fcngliche Website zur\u00fccksenden (Cookies auf der ersten Seite), wenn Sie die entsprechende Website mit demselben Endger\u00e4t erneut besuchen. eine andere Website (Cookies von Drittanbietern). Es ist wichtig zu beachten, dass gespeicherte Cookies keine pers\u00f6nlichen Informationen oder andere Informationen sammeln, die Sie auf Ihrem Computer gespeichert haben.<\/span><\/p><p><span style=\"font-weight: 400;\">Sie k\u00f6nnen die Einstellungen Ihres Internetbrowsers so \u00e4ndern, dass Sie ausw\u00e4hlen k\u00f6nnen, ob Anforderungen zum Speichern von Cookies genehmigt oder abgelehnt werden sollen, gespeicherte Cookies automatisch l\u00f6schen, wenn Sie Ihren Internetbrowser schlie\u00dfen usw.<\/span><\/p><h3><b>Arten von Cookies<\/b><span style=\"font-weight: 400;\">\u00a0<\/span><\/h3><ul><li style=\"font-weight: 400;\"><span style=\"font-weight: 400;\">Tempor\u00e4re Cookies oder Sitzungscookies werden von Ihrem Computer entfernt, wenn Sie Ihren Internetbrowser schlie\u00dfen. Sie werden von Websites zum Speichern tempor\u00e4rer Daten verwendet.<\/span><\/li><\/ul><ul><li style=\"font-weight: 400;\"><span style=\"font-weight: 400;\">Permanente oder gespeicherte Cookies bleiben auch nach dem Schlie\u00dfen des Internetbrowsers f\u00fcr einen bestimmten Zeitraum auf dem Ger\u00e4t, abh\u00e4ngig von den Einstellungen f\u00fcr die Dauer oder bis der Benutzer sie selbst entfernt.<\/span><\/li><li style=\"font-weight: 400;\"><span style=\"font-weight: 400;\">Erstanbieter-Cookies stammen von der Website, die Sie gerade anzeigen, und k\u00f6nnen dauerhaft oder vor\u00fcbergehend sein. Mit diesen Cookies k\u00f6nnen Websites Daten speichern, die sie beim n\u00e4chsten Besuch dieser Website erneut verwenden.<\/span><span style=\"font-weight: 400;\">Kola\u010di\u0107i tre\u0107e strane dolaze s reklama drugih web-mjesta (kao \u0161to su sko\u010dne ili druge reklame) koje se nalaze na web-mjestu koje gledate. Pomo\u0107u tih kola\u010di\u0107a web-mjesta mogu pratiti kori\u0161tenje Interneta u marketin\u0161ke svrhe.<\/span><\/li><\/ul><h3><span style=\"font-weight: 400;\">Was ist, wenn ich keine Cookies akzeptiere?<\/span><\/h3><p><span style=\"font-weight: 400;\"><\/span><span style=\"font-weight: 400;\">Wenn Sie keine Cookies akzeptieren, werden bestimmte Funktionen dieser Website m\u00f6glicherweise nicht angezeigt oder funktionieren nicht ordnungsgem\u00e4\u00df. Dies schr\u00e4nkt die Funktionen unserer Website ein und kann sich auf das Design und die Benutzererfahrung auswirken.<\/span><\/p><p><span style=\"font-weight: 400;\">Beispiele f\u00fcr Funktionen, die von der Ablehnung von Cookies betroffen sein k\u00f6nnten:<\/span><\/p><ul><li style=\"font-weight: 400;\"><span style=\"font-weight: 400;\">Individuelle Erfahrung auf der Website<\/span><\/li><li style=\"font-weight: 400;\"><span style=\"font-weight: 400;\">Geben Sie an, dass Ihnen die Website gef\u00e4llt und dass Sie sie in sozialen Netzwerken teilen<\/span><\/li><li style=\"font-weight: 400;\"><span style=\"font-weight: 400;\">eingebetteten Inhalt anzeigen<\/span><span style=\"font-weight: 400;\">\u00a0<\/span><\/li><\/ul><h3><strong>Verwendet ind-mtc.hr Cookies?<\/strong><\/h3><p><span style=\"font-weight: 400;\"><\/span><span style=\"font-weight: 400;\">Ja, mit dem prim\u00e4ren Ziel, dass unsere Website Ihnen eine bessere Benutzererfahrung bietet.<\/span><\/p><p><span style=\"font-weight: 400;\"><\/span><\/p><h3><b>Welche Cookies verwendet ind-mtc.hr?<\/b><\/h3><p><span style=\"font-weight: 400;\">Funktionscookies der Erstanbietern<\/span><\/p><p><span style=\"font-weight: 400;\">Das Cookie ASP.NET_SessionId speichert den Sitzungsstatus von Besuchern auf Seitenanforderungen. Dieses Cookie wird von unserer Website erstellt und ist das einzige, das von dieser Website verwendet wird. Das Cookie wird entfernt, wenn Sie Ihren Internetbrowser schlie\u00dfen. Wenn der Benutzer das Cookie ablehnt, ist die Verwendung des Warenkorbs m\u00f6glicherweise nicht funktionsf\u00e4hig.<\/span><\/p><p><span style=\"font-weight: 400;\">Analyse-Cookies von Drittanbietern<\/span><\/p><p><span style=\"font-weight: 400;\"><\/span><span style=\"font-weight: 400;\">Analytics-Cookies sammeln Daten dar\u00fcber, wie Besucher die Website nutzen, damit Dritte eine Analyse durchf\u00fchren k\u00f6nnen, um die Funktionalit\u00e4t zu verbessern und Inhalte zu erstellen, die den Informationsbed\u00fcrfnissen der Benutzer am besten entsprechen. Wir verwenden Google Analytics-Dienste.<\/span><\/p><p><span style=\"font-weight: 400;\">_gat- und _gid-Cookies werden nach dem Schlie\u00dfen des Internetbrowsers entfernt, w\u00e4hrend das _ga-Cookie auf dem Ger\u00e4t gespeichert bleibt und nicht gel\u00f6scht wird oder automatisch abl\u00e4uft.<\/span><\/p><p><span style=\"font-weight: 400;\">Wenn Sie verhindern m\u00f6chten, dass der angegebene Dienst Cookies f\u00fcr Sie speichert, k\u00f6nnen Sie dies gem\u00e4\u00df den Anweisungen auf der folgenden Website tun:<\/span><a href=\"https:\/\/tools.google.com\/dlpage\/gaoptout\"><span style=\"font-weight: 400;\">https:\/\/tools.google.com\/dlpage\/gaoptout<\/span><\/a><\/p><p><span style=\"font-weight: 400;\"><\/span><\/p><p><span style=\"font-weight: 400;\">Werbe-Cookies von Drittanbietern<\/span><\/p><p><span style=\"font-weight: 400;\"><\/span><span style=\"font-weight: 400;\">Wir nutzen die Dienste von Drittanbietern, um Anzeigen zu ver\u00f6ffentlichen, die auf den Interessen der Nutzer basieren, die die Website zuvor besucht haben und die anhand ihrer Internetsuche ermittelt werden. Diese Cookies sammeln demografische Daten und \/ oder Daten auf den von Benutzern besuchten Seiten, den von ihnen angesehenen Produkten und den Conversions, die sie aufgrund ihrer Werbekampagnen erzielt haben. Diese Cookies werden beispielsweise verwendet, um:<\/span><\/p><ul><li style=\"font-weight: 400;\"><span style=\"font-weight: 400;\">hat die Anzahl der Nutzer ermittelt, die den Dienst nach dem Klicken auf die Anzeige angesehen haben<\/span><\/li><li style=\"font-weight: 400;\"><span style=\"font-weight: 400;\">Anzeigen schalten, die auf das demografische Profil des Nutzers zugeschnitten sind oder auf dessen spezifischen Interessen basieren, einschlie\u00dflich Anzeigen auf anderen Websites<\/span><\/li><li style=\"font-weight: 400;\"><span style=\"font-weight: 400;\">Anzeigen zu den Diensten anzeigen, die der Nutzer auf der Seite auf anderen Seiten angezeigt hat<\/span><\/li><li style=\"font-weight: 400;\"><span style=\"font-weight: 400;\">Vermeiden Sie es, Anzeigen, die Nutzer bereits gesehen haben, erneut zu schalten<\/span><\/li><\/ul><p><span style=\"font-weight: 400;\">Wir verwenden folgende Werbe-Cookies:<\/span><span style=\"font-weight: 400;\"><\/span><span style=\"font-weight: 400;\">\u00a0<\/span><span style=\"font-weight: 400;\"><\/span><span style=\"font-weight: 400;\">Anbieter: Google Adwords<\/span><\/p><ul><li style=\"font-weight: 400;\"><span style=\"font-weight: 400;\">Cookiesi: _gads i _gac<\/span><\/li><li style=\"font-weight: 400;\"><span style=\"font-weight: 400;\">Dauer: werden nach dem Schlie\u00dfen des Internetbrowsers entfernt<\/span><\/li><li style=\"font-weight: 400;\"><span style=\"font-weight: 400;\">Datenschutzbestimmungen finden Sie unter folgendem Link:<\/span><\/li><\/ul><p><a href=\"https:\/\/www.google.com\/intl\/hr\/policies\/privacy\/\"><span style=\"font-weight: 400;\">https:\/\/www.google.com\/intl\/hr\/policies\/privacy\/<\/span><\/a><\/p><ul><li style=\"font-weight: 400;\"><span style=\"font-weight: 400;\">Das Einverst\u00e4ndnisformular finden Sie unter folgendem Link:<\/span><\/li><\/ul><p><a href=\"https:\/\/adssettings.google.com\/anonymous?hl=hr\"><span style=\"font-weight: 400;\">https:\/\/adssettings.google.com\/anonymous?hl=hr<\/span><\/a><\/p><p><span style=\"font-weight: 400;\"><\/span><span style=\"font-weight: 400;\"><\/span><span style=\"font-weight: 400;\">Anbieter: Facebook (Facebook Pixel)<\/span><\/p><ul><li style=\"font-weight: 400;\"><span style=\"font-weight: 400;\">Cookies: fr, impression.php\/#, tr<\/span><\/li><li style=\"font-weight: 400;\"><span style=\"font-weight: 400;\">Dauer: fr bleibt bis zu 3 Monate auf dem Ger\u00e4t des Benutzers gespeichert, impression.php \/ # und tr-Cookies werden nach dem Schlie\u00dfen des Internetbrowsers entfernt.<\/span><\/li><li style=\"font-weight: 400;\"><span style=\"font-weight: 400;\">Die Datenschutzbestimmungen finden Sie unter folgendem Link:<\/span><\/li><\/ul><p><a href=\"https:\/\/www.facebook.com\/privacy\/explanation\"><span style=\"font-weight: 400;\">https:\/\/www.facebook.com\/privacy\/explanation<\/span><\/a><\/p><ul><li style=\"font-weight: 400;\"><span style=\"font-weight: 400;\">Das Einverst\u00e4ndnisformular finden Sie unter folgendem Link:<\/span><\/li><\/ul><p><span style=\"font-weight: 400;\">\u200b <\/span><a href=\"https:\/\/www.facebook.com\/ads\/preferences\/\"><span style=\"font-weight: 400;\">https:\/\/www.facebook.com\/ads\/preferences\/<\/span><\/a><\/p><p><b>So deaktivieren Sie Cookies<\/b><\/p><p><span style=\"font-weight: 400;\"><\/span><span style=\"font-weight: 400;\">Durch Deaktivieren von Cookies entscheiden Sie, ob Cookies auf Ihrem Computer gespeichert werden sollen. Cookie-Einstellungen k\u00f6nnen in Ihrem Webbrowser gesteuert und konfiguriert werden. Informationen zu den Cookie-Einstellungen finden Sie in dem von Ihnen verwendeten Webbrowser. \u2022 Chrome \u2022 Firefox \u2022 Internet Explorer 9 \u2022 Internet Explorer 7 und 8 \u2022 Opera (englische Seite) \u2022 Safari (englische Seite) Wenn Sie Cookies deaktivieren, k\u00f6nnen Sie einige der Funktionen auf der Website nicht nutzen<\/span><\/p><h3><b>Informationen zur Cookie-Verwaltung<\/b><\/h3><p><span style=\"font-weight: 400;\"><\/span><span style=\"font-weight: 400;\">Die meisten Internetbrowser akzeptieren Cookies automatisch, bieten jedoch Steuerelemente, mit denen Sie sie blockieren oder l\u00f6schen k\u00f6nnen.<\/span><\/p><p><span style=\"font-weight: 400;\">Wenn Sie ihrer Verwendung nicht zustimmen, k\u00f6nnen Sie Cookies auf Ihrem Ger\u00e4t mithilfe der Einstellungen des von Ihnen verwendeten Browsers einfach l\u00f6schen (oder verhindern).<\/span><\/p><p><span style=\"font-weight: 400;\"><\/span><\/p><p><span style=\"font-weight: 400;\">Informationen zum Verwalten von Cookies finden Sie auf den Seiten des von Ihnen verwendeten Browsers sowie auf den folgenden Links<\/span><span style=\"font-weight: 400;\">\u200b<\/span><span style=\"font-weight: 400;\"><\/span><a href=\"http:\/\/www.allaboutcookies.org\/\"><span style=\"font-weight: 400;\">www.allaboutcookies.org.<\/span><span style=\"font-weight: 400;\"><\/span><\/a><a href=\"http:\/\/www.youronlinechoices.com\/\"><span style=\"font-weight: 400;\">www.youronlinechoices.com<\/span><span style=\"font-weight: 400;\"><\/span><\/a><span style=\"font-weight: 400;\">\u00a0<\/span><\/p><p><span style=\"font-weight: 400;\"><\/span><span style=\"font-weight: 400;\">Der Zweck von Cookies besteht darin, die Nutzung unserer Website und ihrer Prozesse zu verbessern und zu erm\u00f6glichen. Bitte beachten Sie, dass Sie durch Verhindern oder L\u00f6schen von Cookies die Funktion dieser Funktionen deaktivieren oder dazu f\u00fchren k\u00f6nnen, dass sie in Ihrem Browser funktionieren und anders aussehen.<\/span><\/p><p><span style=\"font-weight: 400;\">Ich akzeptiere die <\/span><b>Datenschutzbestimmungen<\/b><\/p><\/p>\n","protected":false},"excerpt":{"rendered":"<p>Cookies Wir verwenden Cookies, um Ihnen die bestm\u00f6gliche Erfahrung auf unserer Website zu bieten. Cookies dienen unter anderem dazu, dass die Website optimal funktioniert und wir weitere Verbesserungen an der Website vornehmen k\u00f6nnen, um Ihr Surferlebnis zu verbessern. Ein Cookie ist eine kleine Textdatei, die ein Internetbrowser auf der Festplatte eines Endger\u00e4ts (z. B. eines [&hellip;]<\/p>\n","protected":false},"author":1,"featured_media":0,"parent":0,"menu_order":0,"comment_status":"closed","ping_status":"closed","template":"page-default.php","meta":{"_acf_changed":false,"footnotes":""},"class_list":["post-356","page","type-page","status-publish","hentry"],"acf":[],"yoast_head":"<!-- This site is optimized with the Yoast SEO plugin v22.6 - https:\/\/yoast.com\/wordpress\/plugins\/seo\/ -->\n<title>Cookies Politik - Industrial Maintenance<\/title>\n<meta name=\"robots\" content=\"index, follow, max-snippet:-1, max-image-preview:large, max-video-preview:-1\" \/>\n<link rel=\"canonical\" href=\"https:\/\/ind-mtc.com\/de\/cookies-politik\/\" \/>\n<meta property=\"og:locale\" content=\"de_DE\" \/>\n<meta property=\"og:type\" content=\"article\" \/>\n<meta property=\"og:title\" content=\"Cookies Politik - Industrial Maintenance\" \/>\n<meta property=\"og:description\" content=\"Cookies Wir verwenden Cookies, um Ihnen die bestm\u00f6gliche Erfahrung auf unserer Website zu bieten. Cookies dienen unter anderem dazu, dass die Website optimal funktioniert und wir weitere Verbesserungen an der Website vornehmen k\u00f6nnen, um Ihr Surferlebnis zu verbessern. Ein Cookie ist eine kleine Textdatei, die ein Internetbrowser auf der Festplatte eines Endger\u00e4ts (z. B. eines [&hellip;]\" \/>\n<meta property=\"og:url\" content=\"https:\/\/ind-mtc.com\/de\/cookies-politik\/\" \/>\n<meta property=\"og:site_name\" content=\"Industrial Maintenance\" \/>\n<meta property=\"article:modified_time\" content=\"2024-03-06T15:37:44+00:00\" \/>\n<meta name=\"twitter:card\" content=\"summary_large_image\" \/>\n<meta name=\"twitter:label1\" content=\"Gesch\u00e4tzte Lesezeit\" \/>\n\t<meta name=\"twitter:data1\" content=\"5\u00a0Minuten\" \/>\n<script type=\"application\/ld+json\" class=\"yoast-schema-graph\">{\"@context\":\"https:\/\/schema.org\",\"@graph\":[{\"@type\":\"WebPage\",\"@id\":\"https:\/\/ind-mtc.com\/de\/cookies-politik\/\",\"url\":\"https:\/\/ind-mtc.com\/de\/cookies-politik\/\",\"name\":\"Cookies Politik - Industrial Maintenance\",\"isPartOf\":{\"@id\":\"https:\/\/ind-mtc.com\/de\/#website\"},\"datePublished\":\"2024-03-05T19:31:40+00:00\",\"dateModified\":\"2024-03-06T15:37:44+00:00\",\"breadcrumb\":{\"@id\":\"https:\/\/ind-mtc.com\/de\/cookies-politik\/#breadcrumb\"},\"inLanguage\":\"de\",\"potentialAction\":[{\"@type\":\"ReadAction\",\"target\":[\"https:\/\/ind-mtc.com\/de\/cookies-politik\/\"]}]},{\"@type\":\"BreadcrumbList\",\"@id\":\"https:\/\/ind-mtc.com\/de\/cookies-politik\/#breadcrumb\",\"itemListElement\":[{\"@type\":\"ListItem\",\"position\":1,\"name\":\"Po\u010detna stranica\",\"item\":\"https:\/\/ind-mtc.com\/de\/\"},{\"@type\":\"ListItem\",\"position\":2,\"name\":\"Cookies Politik\"}]},{\"@type\":\"WebSite\",\"@id\":\"https:\/\/ind-mtc.com\/de\/#website\",\"url\":\"https:\/\/ind-mtc.com\/de\/\",\"name\":\"Industrial Maintenance\",\"description\":\"\",\"publisher\":{\"@id\":\"https:\/\/ind-mtc.com\/de\/#organization\"},\"potentialAction\":[{\"@type\":\"SearchAction\",\"target\":{\"@type\":\"EntryPoint\",\"urlTemplate\":\"https:\/\/ind-mtc.com\/de\/?s={search_term_string}\"},\"query-input\":\"required name=search_term_string\"}],\"inLanguage\":\"de\"},{\"@type\":\"Organization\",\"@id\":\"https:\/\/ind-mtc.com\/de\/#organization\",\"name\":\"Industrial Maintenance\",\"url\":\"https:\/\/ind-mtc.com\/de\/\",\"logo\":{\"@type\":\"ImageObject\",\"inLanguage\":\"de\",\"@id\":\"https:\/\/ind-mtc.com\/de\/#\/schema\/logo\/image\/\",\"url\":\"https:\/\/ind-mtc.com\/wp-content\/uploads\/2024\/03\/logo.png\",\"contentUrl\":\"https:\/\/ind-mtc.com\/wp-content\/uploads\/2024\/03\/logo.png\",\"width\":662,\"height\":196,\"caption\":\"Industrial Maintenance\"},\"image\":{\"@id\":\"https:\/\/ind-mtc.com\/de\/#\/schema\/logo\/image\/\"}}]}<\/script>\n<!-- \/ Yoast SEO plugin. -->","yoast_head_json":{"title":"Cookies Politik - Industrial Maintenance","robots":{"index":"index","follow":"follow","max-snippet":"max-snippet:-1","max-image-preview":"max-image-preview:large","max-video-preview":"max-video-preview:-1"},"canonical":"https:\/\/ind-mtc.com\/de\/cookies-politik\/","og_locale":"de_DE","og_type":"article","og_title":"Cookies Politik - Industrial Maintenance","og_description":"Cookies Wir verwenden Cookies, um Ihnen die bestm\u00f6gliche Erfahrung auf unserer Website zu bieten. Cookies dienen unter anderem dazu, dass die Website optimal funktioniert und wir weitere Verbesserungen an der Website vornehmen k\u00f6nnen, um Ihr Surferlebnis zu verbessern. Ein Cookie ist eine kleine Textdatei, die ein Internetbrowser auf der Festplatte eines Endger\u00e4ts (z. B. eines [&hellip;]","og_url":"https:\/\/ind-mtc.com\/de\/cookies-politik\/","og_site_name":"Industrial Maintenance","article_modified_time":"2024-03-06T15:37:44+00:00","twitter_card":"summary_large_image","twitter_misc":{"Gesch\u00e4tzte Lesezeit":"5\u00a0Minuten"},"schema":{"@context":"https:\/\/schema.org","@graph":[{"@type":"WebPage","@id":"https:\/\/ind-mtc.com\/de\/cookies-politik\/","url":"https:\/\/ind-mtc.com\/de\/cookies-politik\/","name":"Cookies Politik - Industrial Maintenance","isPartOf":{"@id":"https:\/\/ind-mtc.com\/de\/#website"},"datePublished":"2024-03-05T19:31:40+00:00","dateModified":"2024-03-06T15:37:44+00:00","breadcrumb":{"@id":"https:\/\/ind-mtc.com\/de\/cookies-politik\/#breadcrumb"},"inLanguage":"de","potentialAction":[{"@type":"ReadAction","target":["https:\/\/ind-mtc.com\/de\/cookies-politik\/"]}]},{"@type":"BreadcrumbList","@id":"https:\/\/ind-mtc.com\/de\/cookies-politik\/#breadcrumb","itemListElement":[{"@type":"ListItem","position":1,"name":"Po\u010detna stranica","item":"https:\/\/ind-mtc.com\/de\/"},{"@type":"ListItem","position":2,"name":"Cookies Politik"}]},{"@type":"WebSite","@id":"https:\/\/ind-mtc.com\/de\/#website","url":"https:\/\/ind-mtc.com\/de\/","name":"Industrial Maintenance","description":"","publisher":{"@id":"https:\/\/ind-mtc.com\/de\/#organization"},"potentialAction":[{"@type":"SearchAction","target":{"@type":"EntryPoint","urlTemplate":"https:\/\/ind-mtc.com\/de\/?s={search_term_string}"},"query-input":"required name=search_term_string"}],"inLanguage":"de"},{"@type":"Organization","@id":"https:\/\/ind-mtc.com\/de\/#organization","name":"Industrial Maintenance","url":"https:\/\/ind-mtc.com\/de\/","logo":{"@type":"ImageObject","inLanguage":"de","@id":"https:\/\/ind-mtc.com\/de\/#\/schema\/logo\/image\/","url":"https:\/\/ind-mtc.com\/wp-content\/uploads\/2024\/03\/logo.png","contentUrl":"https:\/\/ind-mtc.com\/wp-content\/uploads\/2024\/03\/logo.png","width":662,"height":196,"caption":"Industrial Maintenance"},"image":{"@id":"https:\/\/ind-mtc.com\/de\/#\/schema\/logo\/image\/"}}]}},"_links":{"self":[{"href":"https:\/\/ind-mtc.com\/de\/wp-json\/wp\/v2\/pages\/356","targetHints":{"allow":["GET"]}}],"collection":[{"href":"https:\/\/ind-mtc.com\/de\/wp-json\/wp\/v2\/pages"}],"about":[{"href":"https:\/\/ind-mtc.com\/de\/wp-json\/wp\/v2\/types\/page"}],"author":[{"embeddable":true,"href":"https:\/\/ind-mtc.com\/de\/wp-json\/wp\/v2\/users\/1"}],"replies":[{"embeddable":true,"href":"https:\/\/ind-mtc.com\/de\/wp-json\/wp\/v2\/comments?post=356"}],"version-history":[{"count":1,"href":"https:\/\/ind-mtc.com\/de\/wp-json\/wp\/v2\/pages\/356\/revisions"}],"predecessor-version":[{"id":363,"href":"https:\/\/ind-mtc.com\/de\/wp-json\/wp\/v2\/pages\/356\/revisions\/363"}],"wp:attachment":[{"href":"https:\/\/ind-mtc.com\/de\/wp-json\/wp\/v2\/media?parent=356"}],"curies":[{"name":"wp","href":"https:\/\/api.w.org\/{rel}","templated":true}]}}