{"id":357,"date":"2024-03-05T20:33:21","date_gmt":"2024-03-05T19:33:21","guid":{"rendered":"http:\/\/ind-mtc.local\/pravila-privatnosti\/"},"modified":"2024-03-06T16:38:55","modified_gmt":"2024-03-06T15:38:55","slug":"datenschutz-bestimmungen","status":"publish","type":"page","link":"https:\/\/ind-mtc.com\/de\/datenschutz-bestimmungen\/","title":{"rendered":"Datenschutz-Bestimmungen"},"content":{"rendered":"\n<p>Industrial Maintenance d.o.o., Gornji Kneginec, Mavra Schlengera 3, UID Nr.: 82657377889 (im Folgenden: ind-mtc.hr) respektiert Ihre Privatsph\u00e4re und die Sicherheit Ihrer pers\u00f6nlichen Daten. Die Erhebung, Verwendung und Verarbeitung Ihrer personenbezogenen Daten erfolgt in \u00dcbereinstimmung mit dieser Datenschutzrichtlinie und den Bestimmungen des Gesetzes zum Schutz privater Daten (103\/03, 118\/06, 41\/08, 130\/11, 106\/12) oder anderen geltenden Vorschriften. anwendbar in der Republik Kroatien, die den Schutz personenbezogener Daten regelt.<\/p>\n\n\n\n<p>Die Privatsph\u00e4re unserer Kunden ist uns sehr wichtig und wir tun alles, um die Vertraulichkeit ihrer Daten zu wahren. Bitte \u00fcberpr\u00fcfen Sie die Datenschutzbestimmungen von Zeit zu Zeit auf m\u00f6gliche \u00c4nderungen.<\/p>\n\n\n\n<h2 class=\"wp-block-heading\"><strong>Zustimmung und Widerruf des Nutzers<\/strong><\/h2>\n\n\n\n<p>Ind-mtc.hr sammelt personenbezogene Daten von Benutzern, die sie freiwillig zur Verf\u00fcgung stellen. Es wird davon ausgegangen, dass der Benutzer durch die Annahme der Nutzungsbedingungen von Ind-mtc.hr, die ein wesentlicher Bestandteil dieser Datenschutzerkl\u00e4rung ist, seine Zustimmung und ausdr\u00fccklich seinen Willen zum Ausdruck gebracht hat, mit dem er seine Zustimmung zur Verarbeitung seiner personenbezogenen Daten f\u00fcr Zwecke zum Ausdruck bringt Nutzung der von Ind-mtc.hr angebotenen Dienste. Der Nutzer kann seine Einwilligung jederzeit durch schriftliche Mitteilung widerrufen.<\/p>\n\n\n\n<h2 class=\"wp-block-heading\"><strong>Datenverarbeitungsf\u00fchrer<\/strong><\/h2>\n\n\n\n<p>Industrial Maintenance ist der F\u00fchrer f\u00fcr die Verarbeitung Ihrer pers\u00f6nlichen Daten.<\/p>\n\n\n\n<p>Die Datenschutzrichtlinie gilt f\u00fcr alle pers\u00f6nlichen Daten von Benutzern, die wir direkt oder \u00fcber unsere Partner sammeln und verarbeiten. Personenbezogene Daten sind Daten, die sich auf eine nat\u00fcrliche Person beziehen, deren Identit\u00e4t direkt oder indirekt festgestellt wurde oder festgestellt werden kann. Datenverarbeitung ist jede Aktion, die an personenbezogenen Daten durchgef\u00fchrt wird, wie z. B. die Erhebung, Speicherung, Verwendung, Einsicht und \u00dcbertragung personenbezogener Daten.<\/p>\n\n\n\n<p>Diese Richtlinie gilt nicht f\u00fcr anonyme Daten. Anonyme Daten sind Daten, die nicht mit einer bestimmten Person verkn\u00fcpft werden k\u00f6nnen.&nbsp;<\/p>\n\n\n\n<h3 class=\"wp-block-heading\"><strong>Welche Art von Daten wird gesammelt?<\/strong><\/h3>\n\n\n\n<p><br>Ind-mtc.hr sammelt alle pers\u00f6nlichen Daten, die sich ansammeln, wenn Benutzer die von Ind-mtc.hr (Website) angebotenen Dienste nutzen und mit Ind-mtc.hr kommunizieren. Es werden nur die personenbezogenen Daten erhoben, die f\u00fcr den Zweck, f\u00fcr den die Nutzer die angebotenen Dienste nutzen, wesentlich sind, und ihr Umfang wird das zur Erreichung eines solchen Zwecks erforderliche Ma\u00df nicht \u00fcberschreiten.<\/p>\n\n\n\n<p><br>Das beinhaltet:<br>Daten, die Benutzer \u00fcber das Online-Formular eingeben oder die sie auf andere Weise eingeben, w\u00e4hrend sie die Dienste von Ind-mtc.hr nutzen (z. B. per Telefon oder E-Mail), einschlie\u00dflich personenbezogener Daten (Name, Adresse, Telefonnummer, Geburtsdatum, Geschlecht, Mittel) Zahlungen usw.), gesendete oder automatisch generierte Benutzerdaten (z. B. Datum und Uhrzeit der Dienstnutzung, aktuelle und zuvor verwendete Seite, IP-Adresse, Daten zum verwendeten Browser, Ger\u00e4tecode, aktueller Standort, falls solche Informationen vorliegen Tage usw.) sowie Interaktionsdaten, sofern verf\u00fcgbar, ohne zus\u00e4tzliche Programme auf dem Computer zu installieren (z. B. Mausbewegungen und Klicks oder Tastenanschl\u00e4ge auf der Website), personenbezogene Daten, die von Ind-mtc.hr oder Dritten generiert wurden (z. B. Codes) ), Korrespondenz und andere Kommunikation mit Benutzern (z. B. E-Mail, Telefongespr\u00e4che, die bei Bedarf aufgezeichnet werden k\u00f6nnen).<\/p>\n\n\n\n<h3 class=\"wp-block-heading\"><br><strong>Zweck der Datenverarbeitung<\/strong><\/h3>\n\n\n\n<p><br>Industrial Maintenance.hr kann die daf\u00fcr gesammelten oder gesammelten Benutzerdaten f\u00fcr folgende Zwecke verwenden:<\/p>\n\n\n\n<ul class=\"wp-block-list\">\n<li>Erhalt von Dienstleistungen, die von Ind-mtc.hr angeboten werden,<\/li>\n\n\n\n<li>Erstellung verschiedener Arten von Statistiken, die sich beispielsweise auf das nachgewiesene Interesse der Benutzer an dem Produkt und den Vergleich von Diensten oder an anderen von Ind-mtc.hr angebotenen Diensten beziehen.<\/li>\n\n\n\n<li>Interne Schulung und Qualit\u00e4tskontrolle,<\/li>\n\n\n\n<li>Pflege und Entwicklung von Kundenbeziehungen,<\/li>\n\n\n\n<li>Garantien f\u00fcr Sicherheit und Verf\u00fcgbarkeit des Systems und der Daten von Ind-mtc.hr und seinen Dienstleistern,<\/li>\n\n\n\n<li>Von Ind-mtc.hr durchgef\u00fchrte Unternehmenstransaktionen, die sich auf Benutzerdaten auswirken k\u00f6nnen,<\/li>\n\n\n\n<li>Verh\u00fctung, Aufdeckung und Verhinderung von Missbrauch<\/li>\n<\/ul>\n\n\n\n<p>Weitere Zwecke k\u00f6nnen sich aus bestimmten Umst\u00e4nden oder gesetzlichen Verpflichtungen ergeben oder im Rahmen der Erhebung relevanter Daten erforderlich sein.<\/p>\n\n\n\n<h2 class=\"wp-block-heading\"><strong>Brosch\u00fcren, kommerzielle Kommunikation<\/strong><\/h2>\n\n\n\n<p><br>Im Zusammenhang mit den von Ind-mtc.hr angebotenen Diensten kann es regelm\u00e4\u00dfig Brosch\u00fcren oder andere Inhalte (kommerzieller Art) an die Adresse oder Nummer eines Benutzers senden, der seine E-Mail-Adresse oder eine andere elektronische Adresse oder Mobiltelefonnummer bei Ind-mtc.hr registriert hat. -mtc.hr. Mit der Registrierung erkl\u00e4ren sich die Benutzer damit einverstanden, solche Brosch\u00fcren und Inhalte zu erhalten. Sie k\u00f6nnen Ind-mtc.hr jedoch jederzeit und kostenlos benachrichtigen, dass sie die oben genannten Informationen nicht mehr erhalten oder dar\u00fcber informiert werden m\u00f6chten.<\/p>\n\n\n\n<h3 class=\"wp-block-heading\"><strong>Werden Daten an Drittanbietern weitergegeben?<\/strong><\/h3>\n\n\n\n<p><br>Mit folgenden Ausnahmen gibt Ind-mtc.hr grunds\u00e4tzlich keine personenbezogenen Daten an Dritte weiter:<\/p>\n\n\n\n<p>Ind-mtc.hr kann Drittanbieter auffordern, personenbezogene Daten im Namen und ausschlie\u00dflich zum Zwecke der Gesch\u00e4ftst\u00e4tigkeit von Ind-mtc.hr (z. B. Marktforschungs-institutionen) zu verarbeiten. Ind-mtc.hr wendet geeignete Ma\u00dfnahmen an, um sicherzustellen, dass dieser Dritte die Daten ausschlie\u00dflich in der Weise verarbeitet, in der Ind-mtc.hr zur Verarbeitung berechtigt ist. Ind-mtc.hr kann personenbezogene Daten an Dritte weitergeben, wenn der Benutzer dies w\u00fcnscht (durch Registrierung, Anforderung eines Angebots usw.), wenn dies anderweitig erforderlich ist, um den vom Benutzer gew\u00fcnschten Dienst bereitzustellen, oder wenn Ind-mtc.hr dies ausdr\u00fccklich mitgeteilt hat der Benutzer \u00fcber die Tatsache, dass seine \/ ihre Daten pr\u00e4sentiert werden. In Ausnahmef\u00e4llen (z. B. Missbrauch) k\u00f6nnen Benutzerdaten auch f\u00fcr andere in dieser Datenschutzerkl\u00e4rung angegebene Zwecke oder f\u00fcr einen gesetzlich vorgesehenen Zweck an Dritte weitergegeben werden. Ind-mtc.hr kann nicht kontrollieren, garantieren oder garantieren, dass Dritte die f\u00fcr Ind-mtc.hr geltenden Datenschutzbestimmungen einhalten. Sie verarbeiten die Daten f\u00fcr eigene Zwecke, m\u00f6glicherweise auch im Ausland, wo andere Vorschriften gelten.<\/p>\n\n\n\n<p>Ind-mtc.hr kann personenbezogene Daten an Dritte weitergeben, wenn dies gesetzlich vorgesehen ist.<\/p>\n\n\n\n<p>Dar\u00fcber hinaus kann Ind-mtc.hr anonymisierte Benutzerdaten an Dritte weitergeben. Diese Informationen m\u00fcssen eine Form haben, die es Dritten nicht erm\u00f6glicht, die Identit\u00e4t der betroffenen Benutzer zu kennen, oder die unwahrscheinlich ist.<\/p>\n\n\n\n<p>Alle Mitarbeiter und Gesch\u00e4ftspartner von Ind-mtc.hr sind daf\u00fcr verantwortlich, die Grunds\u00e4tze des Datenschutzes durch Vertragsbeziehungen f\u00fcr Industrial Maintenance d.o.o und verbundene Unternehmen einzuhalten.<\/p>\n\n\n\n<h2 class=\"wp-block-heading\"><strong>Wo und wie werden die Daten gespeichert?<\/strong><\/h2>\n\n\n\n<p><br>Im Zusammenhang mit der Speicherung oder Verarbeitung von Benutzerdaten auf andere Weise wendet Ind-mtc.hr geeignete technische und organisatorische Ma\u00dfnahmen an, um eine unbefugte oder anderweitig unbefugte Verarbeitung zu verhindern. Solche Ma\u00dfnahmen unterliegen einer regelm\u00e4\u00dfigen \u00dcberwachung und werden nach Bedarf ge\u00e4ndert. Dies gilt auch f\u00fcr Dritte, die f\u00fcr den Betrieb des Systems verantwortlich sind.<\/p>\n\n\n\n<p>Personenbezogene Daten werden in einer Form aufbewahrt, die die Identifizierung des Nutzers erm\u00f6glicht und nicht l\u00e4nger als f\u00fcr den Zweck erforderlich ist, f\u00fcr den die Daten erhoben oder weiterverarbeitet werden.<\/p>\n\n\n\n<p>Wir verwenden eine Vielzahl von Sicherheitsma\u00dfnahmen, einschlie\u00dflich Verschl\u00fcsselung und Authentifizierung, um die Sicherheit, Integrit\u00e4t und Verf\u00fcgbarkeit Ihrer Daten zu sch\u00fctzen und aufrechtzuerhalten.<\/p>\n\n\n\n<p>Unter anderem wenden wir folgende Ma\u00dfnahmen an:<\/p>\n\n\n\n<ul class=\"wp-block-list\">\n<li>streng eingeschr\u00e4nkter pers\u00f6nlicher Zugang zu Ihren Daten nach dem Prinzip des<\/li>\n<\/ul>\n\n\n\n<p>&nbsp;&nbsp;&nbsp;&#8222;notwendigen Wissens&#8220; und ausschlie\u00dflich f\u00fcr die Zwecke, f\u00fcr die Sie informiert wurden,<\/p>\n\n\n\n<ul class=\"wp-block-list\">\n<li>sichere \u00dcbertragung gesammelter Daten,<\/li>\n\n\n\n<li>Kontinuierliche \u00dcberwachung des Zugriffs auf IT-Systeme, um den Missbrauch personenbezogener Daten zu erkennen und zu verhindern.<\/li>\n<\/ul>\n\n\n\n<h2 class=\"wp-block-heading\"><strong>Wie lange speichern wir Ihre Daten?<\/strong><\/h2>\n\n\n\n<p><br>Wir speichern und verarbeiten personenbezogene Daten nur so lange, wie dies zur Erf\u00fcllung eines bestimmten legitimen Zwecks erforderlich ist, es sei denn, die geltenden Vorschriften sehen eine l\u00e4ngere Speicherdauer f\u00fcr einen bestimmten Zweck vor. Im Falle einer Einwilligung zum Marketing bewahren wir die Daten so lange auf, wie die Einwilligung nicht widerrufen wird. Bei abgelehnten Geboten, f\u00fcr die keine Einwilligung zur Vermarktung erteilt wurde, bewahren wir die mit dem Gebot verbundenen Daten ein Jahr lang auf. Wenn Sie uns auffordern, sie zu l\u00f6schen, werden sie sofort gel\u00f6scht.<\/p>\n\n\n\n<p>Nicht mehr ben\u00f6tigte personenbezogene Daten werden entweder irreversibel anonymisiert oder auf sichere Weise vernichtet.<\/p>\n\n\n\n<h2 class=\"wp-block-heading\"><strong>Fragen, Auskunft, Korrekturen oder L\u00f6schungen<\/strong><\/h2>\n\n\n\n<p><br>Der Nutzer hat jederzeit das Recht, die f\u00fcr die Verarbeitung personenbezogener Daten erteilte Einwilligung zu widerrufen und die Einstellung der weiteren Verarbeitung seiner Daten zu beantragen, es sei denn, es handelt sich um eine statistische Datenverarbeitung, wenn personenbezogene Daten die Identifizierung der betroffenen Person nicht mehr zulassen. Der Nutzer hat auch das Recht, die Berichtigung oder \u00c4nderung der zur Verarbeitung bereitgestellten personenbezogenen Daten zu verlangen. Der Widerruf der Einwilligung oder der Antrag auf Berichtigung oder \u00c4nderung personenbezogener Daten erfolgt schriftlich per E-Mail an info@ind-mtc.com oder an die Postanschrift: Mavra Schlengera 3, 42204 Gornji Kneginec. Der Nutzer hat das Recht, der Verarbeitung seiner personenbezogenen Daten zu Marketingzwecken ausdr\u00fccklich zu widersprechen. In diesem Fall werden die ihn betreffenden personenbezogenen Daten nicht zu diesem Zweck verarbeitet. Ein Widerspruch gegen die Verarbeitung personenbezogener Daten zu Marketingzwecken wird schriftlich per E-Mail an info@ind-mtc.hr oder an die Postanschrift Mavra Schlengera 3, 42204 Gornji Kneginec gerichtet. Alle anderen Fragen, Anregungen und Kommentare zur Verarbeitung personenbezogener Daten sind willkommen.<\/p>\n\n\n\n<p>Kontaktdaten des Datenschutzbeauftragten:<br><br>info@ind-mtc.com<br>+385 42 421-625<br>INDUSTRIAL MAINTENANCE d.o.o.<br>Mavra Schlengera 3, 42204 Gornji Kneginec<br>OIB:&nbsp; 82657377889<\/p>\n","protected":false},"excerpt":{"rendered":"<p>Industrial Maintenance d.o.o., Gornji Kneginec, Mavra Schlengera 3, UID Nr.: 82657377889 (im Folgenden: ind-mtc.hr) respektiert Ihre Privatsph\u00e4re und die Sicherheit Ihrer pers\u00f6nlichen Daten. Die Erhebung, Verwendung und Verarbeitung Ihrer personenbezogenen Daten erfolgt in \u00dcbereinstimmung mit dieser Datenschutzrichtlinie und den Bestimmungen des Gesetzes zum Schutz privater Daten (103\/03, 118\/06, 41\/08, 130\/11, 106\/12) oder anderen geltenden Vorschriften. [&hellip;]<\/p>\n","protected":false},"author":1,"featured_media":0,"parent":0,"menu_order":0,"comment_status":"closed","ping_status":"closed","template":"page-default.php","meta":{"_acf_changed":false,"footnotes":""},"class_list":["post-357","page","type-page","status-publish","hentry"],"acf":[],"yoast_head":"<!-- This site is optimized with the Yoast SEO plugin v22.6 - https:\/\/yoast.com\/wordpress\/plugins\/seo\/ -->\n<title>Datenschutz-Bestimmungen - Industrial Maintenance<\/title>\n<meta name=\"robots\" content=\"index, follow, max-snippet:-1, max-image-preview:large, max-video-preview:-1\" \/>\n<link rel=\"canonical\" href=\"https:\/\/ind-mtc.com\/de\/datenschutz-bestimmungen\/\" \/>\n<meta property=\"og:locale\" content=\"de_DE\" \/>\n<meta property=\"og:type\" content=\"article\" \/>\n<meta property=\"og:title\" content=\"Datenschutz-Bestimmungen - Industrial Maintenance\" \/>\n<meta property=\"og:description\" content=\"Industrial Maintenance d.o.o., Gornji Kneginec, Mavra Schlengera 3, UID Nr.: 82657377889 (im Folgenden: ind-mtc.hr) respektiert Ihre Privatsph\u00e4re und die Sicherheit Ihrer pers\u00f6nlichen Daten. Die Erhebung, Verwendung und Verarbeitung Ihrer personenbezogenen Daten erfolgt in \u00dcbereinstimmung mit dieser Datenschutzrichtlinie und den Bestimmungen des Gesetzes zum Schutz privater Daten (103\/03, 118\/06, 41\/08, 130\/11, 106\/12) oder anderen geltenden Vorschriften. [&hellip;]\" \/>\n<meta property=\"og:url\" content=\"https:\/\/ind-mtc.com\/de\/datenschutz-bestimmungen\/\" \/>\n<meta property=\"og:site_name\" content=\"Industrial Maintenance\" \/>\n<meta property=\"article:modified_time\" content=\"2024-03-06T15:38:55+00:00\" \/>\n<meta name=\"twitter:card\" content=\"summary_large_image\" \/>\n<meta name=\"twitter:label1\" content=\"Gesch\u00e4tzte Lesezeit\" \/>\n\t<meta name=\"twitter:data1\" content=\"7\u00a0Minuten\" \/>\n<script type=\"application\/ld+json\" class=\"yoast-schema-graph\">{\"@context\":\"https:\/\/schema.org\",\"@graph\":[{\"@type\":\"WebPage\",\"@id\":\"https:\/\/ind-mtc.com\/de\/datenschutz-bestimmungen\/\",\"url\":\"https:\/\/ind-mtc.com\/de\/datenschutz-bestimmungen\/\",\"name\":\"Datenschutz-Bestimmungen - Industrial Maintenance\",\"isPartOf\":{\"@id\":\"https:\/\/ind-mtc.com\/de\/#website\"},\"datePublished\":\"2024-03-05T19:33:21+00:00\",\"dateModified\":\"2024-03-06T15:38:55+00:00\",\"breadcrumb\":{\"@id\":\"https:\/\/ind-mtc.com\/de\/datenschutz-bestimmungen\/#breadcrumb\"},\"inLanguage\":\"de\",\"potentialAction\":[{\"@type\":\"ReadAction\",\"target\":[\"https:\/\/ind-mtc.com\/de\/datenschutz-bestimmungen\/\"]}]},{\"@type\":\"BreadcrumbList\",\"@id\":\"https:\/\/ind-mtc.com\/de\/datenschutz-bestimmungen\/#breadcrumb\",\"itemListElement\":[{\"@type\":\"ListItem\",\"position\":1,\"name\":\"Po\u010detna stranica\",\"item\":\"https:\/\/ind-mtc.com\/de\/\"},{\"@type\":\"ListItem\",\"position\":2,\"name\":\"Datenschutz-Bestimmungen\"}]},{\"@type\":\"WebSite\",\"@id\":\"https:\/\/ind-mtc.com\/de\/#website\",\"url\":\"https:\/\/ind-mtc.com\/de\/\",\"name\":\"Industrial Maintenance\",\"description\":\"\",\"publisher\":{\"@id\":\"https:\/\/ind-mtc.com\/de\/#organization\"},\"potentialAction\":[{\"@type\":\"SearchAction\",\"target\":{\"@type\":\"EntryPoint\",\"urlTemplate\":\"https:\/\/ind-mtc.com\/de\/?s={search_term_string}\"},\"query-input\":\"required name=search_term_string\"}],\"inLanguage\":\"de\"},{\"@type\":\"Organization\",\"@id\":\"https:\/\/ind-mtc.com\/de\/#organization\",\"name\":\"Industrial Maintenance\",\"url\":\"https:\/\/ind-mtc.com\/de\/\",\"logo\":{\"@type\":\"ImageObject\",\"inLanguage\":\"de\",\"@id\":\"https:\/\/ind-mtc.com\/de\/#\/schema\/logo\/image\/\",\"url\":\"https:\/\/ind-mtc.com\/wp-content\/uploads\/2024\/03\/logo.png\",\"contentUrl\":\"https:\/\/ind-mtc.com\/wp-content\/uploads\/2024\/03\/logo.png\",\"width\":662,\"height\":196,\"caption\":\"Industrial Maintenance\"},\"image\":{\"@id\":\"https:\/\/ind-mtc.com\/de\/#\/schema\/logo\/image\/\"}}]}<\/script>\n<!-- \/ Yoast SEO plugin. -->","yoast_head_json":{"title":"Datenschutz-Bestimmungen - Industrial Maintenance","robots":{"index":"index","follow":"follow","max-snippet":"max-snippet:-1","max-image-preview":"max-image-preview:large","max-video-preview":"max-video-preview:-1"},"canonical":"https:\/\/ind-mtc.com\/de\/datenschutz-bestimmungen\/","og_locale":"de_DE","og_type":"article","og_title":"Datenschutz-Bestimmungen - Industrial Maintenance","og_description":"Industrial Maintenance d.o.o., Gornji Kneginec, Mavra Schlengera 3, UID Nr.: 82657377889 (im Folgenden: ind-mtc.hr) respektiert Ihre Privatsph\u00e4re und die Sicherheit Ihrer pers\u00f6nlichen Daten. Die Erhebung, Verwendung und Verarbeitung Ihrer personenbezogenen Daten erfolgt in \u00dcbereinstimmung mit dieser Datenschutzrichtlinie und den Bestimmungen des Gesetzes zum Schutz privater Daten (103\/03, 118\/06, 41\/08, 130\/11, 106\/12) oder anderen geltenden Vorschriften. [&hellip;]","og_url":"https:\/\/ind-mtc.com\/de\/datenschutz-bestimmungen\/","og_site_name":"Industrial Maintenance","article_modified_time":"2024-03-06T15:38:55+00:00","twitter_card":"summary_large_image","twitter_misc":{"Gesch\u00e4tzte Lesezeit":"7\u00a0Minuten"},"schema":{"@context":"https:\/\/schema.org","@graph":[{"@type":"WebPage","@id":"https:\/\/ind-mtc.com\/de\/datenschutz-bestimmungen\/","url":"https:\/\/ind-mtc.com\/de\/datenschutz-bestimmungen\/","name":"Datenschutz-Bestimmungen - Industrial Maintenance","isPartOf":{"@id":"https:\/\/ind-mtc.com\/de\/#website"},"datePublished":"2024-03-05T19:33:21+00:00","dateModified":"2024-03-06T15:38:55+00:00","breadcrumb":{"@id":"https:\/\/ind-mtc.com\/de\/datenschutz-bestimmungen\/#breadcrumb"},"inLanguage":"de","potentialAction":[{"@type":"ReadAction","target":["https:\/\/ind-mtc.com\/de\/datenschutz-bestimmungen\/"]}]},{"@type":"BreadcrumbList","@id":"https:\/\/ind-mtc.com\/de\/datenschutz-bestimmungen\/#breadcrumb","itemListElement":[{"@type":"ListItem","position":1,"name":"Po\u010detna stranica","item":"https:\/\/ind-mtc.com\/de\/"},{"@type":"ListItem","position":2,"name":"Datenschutz-Bestimmungen"}]},{"@type":"WebSite","@id":"https:\/\/ind-mtc.com\/de\/#website","url":"https:\/\/ind-mtc.com\/de\/","name":"Industrial Maintenance","description":"","publisher":{"@id":"https:\/\/ind-mtc.com\/de\/#organization"},"potentialAction":[{"@type":"SearchAction","target":{"@type":"EntryPoint","urlTemplate":"https:\/\/ind-mtc.com\/de\/?s={search_term_string}"},"query-input":"required name=search_term_string"}],"inLanguage":"de"},{"@type":"Organization","@id":"https:\/\/ind-mtc.com\/de\/#organization","name":"Industrial Maintenance","url":"https:\/\/ind-mtc.com\/de\/","logo":{"@type":"ImageObject","inLanguage":"de","@id":"https:\/\/ind-mtc.com\/de\/#\/schema\/logo\/image\/","url":"https:\/\/ind-mtc.com\/wp-content\/uploads\/2024\/03\/logo.png","contentUrl":"https:\/\/ind-mtc.com\/wp-content\/uploads\/2024\/03\/logo.png","width":662,"height":196,"caption":"Industrial Maintenance"},"image":{"@id":"https:\/\/ind-mtc.com\/de\/#\/schema\/logo\/image\/"}}]}},"_links":{"self":[{"href":"https:\/\/ind-mtc.com\/de\/wp-json\/wp\/v2\/pages\/357","targetHints":{"allow":["GET"]}}],"collection":[{"href":"https:\/\/ind-mtc.com\/de\/wp-json\/wp\/v2\/pages"}],"about":[{"href":"https:\/\/ind-mtc.com\/de\/wp-json\/wp\/v2\/types\/page"}],"author":[{"embeddable":true,"href":"https:\/\/ind-mtc.com\/de\/wp-json\/wp\/v2\/users\/1"}],"replies":[{"embeddable":true,"href":"https:\/\/ind-mtc.com\/de\/wp-json\/wp\/v2\/comments?post=357"}],"version-history":[{"count":1,"href":"https:\/\/ind-mtc.com\/de\/wp-json\/wp\/v2\/pages\/357\/revisions"}],"predecessor-version":[{"id":364,"href":"https:\/\/ind-mtc.com\/de\/wp-json\/wp\/v2\/pages\/357\/revisions\/364"}],"wp:attachment":[{"href":"https:\/\/ind-mtc.com\/de\/wp-json\/wp\/v2\/media?parent=357"}],"curies":[{"name":"wp","href":"https:\/\/api.w.org\/{rel}","templated":true}]}}