{"id":384,"date":"2024-03-06T09:27:30","date_gmt":"2024-03-06T08:27:30","guid":{"rendered":"http:\/\/ind-mtc.local\/im-woodworking-technologies\/prodaja-novih-strojeva\/"},"modified":"2024-03-06T16:55:25","modified_gmt":"2024-03-06T15:55:25","slug":"verkauf-von-neumaschinen","status":"publish","type":"page","link":"https:\/\/ind-mtc.com\/de\/im-woodworking-technologies\/verkauf-von-neumaschinen\/","title":{"rendered":"Verkauf von Neumaschinen"},"content":{"rendered":"\n<p>Holytek wurde 1989 in Taiwan gegr\u00fcndet und ist heute ein bedeutender Hersteller von Holzbearbeitungsmaschinen und s\u00e4mtlichem Zubeh\u00f6r.<br>Durch die JAhre ist Holytek durch ein signifikantes und stabiles Wachstum gekennzeichnet. Dieser Wachstum ging Hand in Hand mit den Benutzern der L\u00f6sungen und Technologien von Holytek.<br>Nach mehreren gemeinsamen Projekten erkennte Holytek die Industrial Maintenance d.o.o. aus Gornji Kneginec als zuverl\u00e4ssigen Partner. Anfang 2020 beschloss Holytek die Industrial Maintenance zum Generalvertreter f\u00fcr Kroatien und die umliegenden L\u00e4nder zu ernennen.<br>Industrial Maintenence ist Generalvertreter f\u00fcr Maschinen und technische L\u00f6sungen der Marke HOLYTEK.<\/p>\n","protected":false},"excerpt":{"rendered":"<p>Holytek wurde 1989 in Taiwan gegr\u00fcndet und ist heute ein bedeutender Hersteller von Holzbearbeitungsmaschinen und s\u00e4mtlichem Zubeh\u00f6r.Durch die JAhre ist Holytek durch ein signifikantes und stabiles Wachstum gekennzeichnet. Dieser Wachstum ging Hand in Hand mit den Benutzern der L\u00f6sungen und Technologien von Holytek.Nach mehreren gemeinsamen Projekten erkennte Holytek die Industrial Maintenance d.o.o. aus Gornji Kneginec [&hellip;]<\/p>\n","protected":false},"author":1,"featured_media":315,"parent":369,"menu_order":0,"comment_status":"closed","ping_status":"closed","template":"page-service.php","meta":{"_acf_changed":false,"footnotes":""},"class_list":["post-384","page","type-page","status-publish","has-post-thumbnail","hentry"],"acf":[],"yoast_head":"<!-- This site is optimized with the Yoast SEO plugin v22.6 - https:\/\/yoast.com\/wordpress\/plugins\/seo\/ -->\n<title>Verkauf von Neumaschinen - Industrial Maintenance<\/title>\n<meta name=\"robots\" content=\"index, follow, max-snippet:-1, max-image-preview:large, max-video-preview:-1\" \/>\n<link rel=\"canonical\" href=\"https:\/\/ind-mtc.com\/de\/im-woodworking-technologies\/verkauf-von-neumaschinen\/\" \/>\n<meta property=\"og:locale\" content=\"de_DE\" \/>\n<meta property=\"og:type\" content=\"article\" \/>\n<meta property=\"og:title\" content=\"Verkauf von Neumaschinen - Industrial Maintenance\" \/>\n<meta property=\"og:description\" content=\"Holytek wurde 1989 in Taiwan gegr\u00fcndet und ist heute ein bedeutender Hersteller von Holzbearbeitungsmaschinen und s\u00e4mtlichem Zubeh\u00f6r.Durch die JAhre ist Holytek durch ein signifikantes und stabiles Wachstum gekennzeichnet. Dieser Wachstum ging Hand in Hand mit den Benutzern der L\u00f6sungen und Technologien von Holytek.Nach mehreren gemeinsamen Projekten erkennte Holytek die Industrial Maintenance d.o.o. aus Gornji Kneginec [&hellip;]\" \/>\n<meta property=\"og:url\" content=\"https:\/\/ind-mtc.com\/de\/im-woodworking-technologies\/verkauf-von-neumaschinen\/\" \/>\n<meta property=\"og:site_name\" content=\"Industrial Maintenance\" \/>\n<meta property=\"article:modified_time\" content=\"2024-03-06T15:55:25+00:00\" \/>\n<meta property=\"og:image\" content=\"https:\/\/ind-mtc.com\/wp-content\/uploads\/2024\/03\/holytek-prodaja-novih-strojeva-3.webp\" \/>\n\t<meta property=\"og:image:width\" content=\"800\" \/>\n\t<meta property=\"og:image:height\" content=\"632\" \/>\n\t<meta property=\"og:image:type\" content=\"image\/webp\" \/>\n<meta name=\"twitter:card\" content=\"summary_large_image\" \/>\n<script type=\"application\/ld+json\" class=\"yoast-schema-graph\">{\"@context\":\"https:\/\/schema.org\",\"@graph\":[{\"@type\":\"WebPage\",\"@id\":\"https:\/\/ind-mtc.com\/de\/im-woodworking-technologies\/verkauf-von-neumaschinen\/\",\"url\":\"https:\/\/ind-mtc.com\/de\/im-woodworking-technologies\/verkauf-von-neumaschinen\/\",\"name\":\"Verkauf von Neumaschinen - Industrial Maintenance\",\"isPartOf\":{\"@id\":\"https:\/\/ind-mtc.com\/de\/#website\"},\"primaryImageOfPage\":{\"@id\":\"https:\/\/ind-mtc.com\/de\/im-woodworking-technologies\/verkauf-von-neumaschinen\/#primaryimage\"},\"image\":{\"@id\":\"https:\/\/ind-mtc.com\/de\/im-woodworking-technologies\/verkauf-von-neumaschinen\/#primaryimage\"},\"thumbnailUrl\":\"https:\/\/ind-mtc.com\/wp-content\/uploads\/2024\/03\/holytek-prodaja-novih-strojeva-3.webp\",\"datePublished\":\"2024-03-06T08:27:30+00:00\",\"dateModified\":\"2024-03-06T15:55:25+00:00\",\"breadcrumb\":{\"@id\":\"https:\/\/ind-mtc.com\/de\/im-woodworking-technologies\/verkauf-von-neumaschinen\/#breadcrumb\"},\"inLanguage\":\"de\",\"potentialAction\":[{\"@type\":\"ReadAction\",\"target\":[\"https:\/\/ind-mtc.com\/de\/im-woodworking-technologies\/verkauf-von-neumaschinen\/\"]}]},{\"@type\":\"ImageObject\",\"inLanguage\":\"de\",\"@id\":\"https:\/\/ind-mtc.com\/de\/im-woodworking-technologies\/verkauf-von-neumaschinen\/#primaryimage\",\"url\":\"https:\/\/ind-mtc.com\/wp-content\/uploads\/2024\/03\/holytek-prodaja-novih-strojeva-3.webp\",\"contentUrl\":\"https:\/\/ind-mtc.com\/wp-content\/uploads\/2024\/03\/holytek-prodaja-novih-strojeva-3.webp\",\"width\":800,\"height\":632},{\"@type\":\"BreadcrumbList\",\"@id\":\"https:\/\/ind-mtc.com\/de\/im-woodworking-technologies\/verkauf-von-neumaschinen\/#breadcrumb\",\"itemListElement\":[{\"@type\":\"ListItem\",\"position\":1,\"name\":\"Po\u010detna stranica\",\"item\":\"https:\/\/ind-mtc.com\/de\/\"},{\"@type\":\"ListItem\",\"position\":2,\"name\":\"Verkauf von Neumaschinen\"}]},{\"@type\":\"WebSite\",\"@id\":\"https:\/\/ind-mtc.com\/de\/#website\",\"url\":\"https:\/\/ind-mtc.com\/de\/\",\"name\":\"Industrial Maintenance\",\"description\":\"\",\"publisher\":{\"@id\":\"https:\/\/ind-mtc.com\/de\/#organization\"},\"potentialAction\":[{\"@type\":\"SearchAction\",\"target\":{\"@type\":\"EntryPoint\",\"urlTemplate\":\"https:\/\/ind-mtc.com\/de\/?s={search_term_string}\"},\"query-input\":\"required name=search_term_string\"}],\"inLanguage\":\"de\"},{\"@type\":\"Organization\",\"@id\":\"https:\/\/ind-mtc.com\/de\/#organization\",\"name\":\"Industrial Maintenance\",\"url\":\"https:\/\/ind-mtc.com\/de\/\",\"logo\":{\"@type\":\"ImageObject\",\"inLanguage\":\"de\",\"@id\":\"https:\/\/ind-mtc.com\/de\/#\/schema\/logo\/image\/\",\"url\":\"https:\/\/ind-mtc.com\/wp-content\/uploads\/2024\/03\/logo.png\",\"contentUrl\":\"https:\/\/ind-mtc.com\/wp-content\/uploads\/2024\/03\/logo.png\",\"width\":662,\"height\":196,\"caption\":\"Industrial Maintenance\"},\"image\":{\"@id\":\"https:\/\/ind-mtc.com\/de\/#\/schema\/logo\/image\/\"}}]}<\/script>\n<!-- \/ Yoast SEO plugin. -->","yoast_head_json":{"title":"Verkauf von Neumaschinen - Industrial Maintenance","robots":{"index":"index","follow":"follow","max-snippet":"max-snippet:-1","max-image-preview":"max-image-preview:large","max-video-preview":"max-video-preview:-1"},"canonical":"https:\/\/ind-mtc.com\/de\/im-woodworking-technologies\/verkauf-von-neumaschinen\/","og_locale":"de_DE","og_type":"article","og_title":"Verkauf von Neumaschinen - Industrial Maintenance","og_description":"Holytek wurde 1989 in Taiwan gegr\u00fcndet und ist heute ein bedeutender Hersteller von Holzbearbeitungsmaschinen und s\u00e4mtlichem Zubeh\u00f6r.Durch die JAhre ist Holytek durch ein signifikantes und stabiles Wachstum gekennzeichnet. Dieser Wachstum ging Hand in Hand mit den Benutzern der L\u00f6sungen und Technologien von Holytek.Nach mehreren gemeinsamen Projekten erkennte Holytek die Industrial Maintenance d.o.o. aus Gornji Kneginec [&hellip;]","og_url":"https:\/\/ind-mtc.com\/de\/im-woodworking-technologies\/verkauf-von-neumaschinen\/","og_site_name":"Industrial Maintenance","article_modified_time":"2024-03-06T15:55:25+00:00","og_image":[{"width":800,"height":632,"url":"https:\/\/ind-mtc.com\/wp-content\/uploads\/2024\/03\/holytek-prodaja-novih-strojeva-3.webp","type":"image\/webp"}],"twitter_card":"summary_large_image","schema":{"@context":"https:\/\/schema.org","@graph":[{"@type":"WebPage","@id":"https:\/\/ind-mtc.com\/de\/im-woodworking-technologies\/verkauf-von-neumaschinen\/","url":"https:\/\/ind-mtc.com\/de\/im-woodworking-technologies\/verkauf-von-neumaschinen\/","name":"Verkauf von Neumaschinen - Industrial Maintenance","isPartOf":{"@id":"https:\/\/ind-mtc.com\/de\/#website"},"primaryImageOfPage":{"@id":"https:\/\/ind-mtc.com\/de\/im-woodworking-technologies\/verkauf-von-neumaschinen\/#primaryimage"},"image":{"@id":"https:\/\/ind-mtc.com\/de\/im-woodworking-technologies\/verkauf-von-neumaschinen\/#primaryimage"},"thumbnailUrl":"https:\/\/ind-mtc.com\/wp-content\/uploads\/2024\/03\/holytek-prodaja-novih-strojeva-3.webp","datePublished":"2024-03-06T08:27:30+00:00","dateModified":"2024-03-06T15:55:25+00:00","breadcrumb":{"@id":"https:\/\/ind-mtc.com\/de\/im-woodworking-technologies\/verkauf-von-neumaschinen\/#breadcrumb"},"inLanguage":"de","potentialAction":[{"@type":"ReadAction","target":["https:\/\/ind-mtc.com\/de\/im-woodworking-technologies\/verkauf-von-neumaschinen\/"]}]},{"@type":"ImageObject","inLanguage":"de","@id":"https:\/\/ind-mtc.com\/de\/im-woodworking-technologies\/verkauf-von-neumaschinen\/#primaryimage","url":"https:\/\/ind-mtc.com\/wp-content\/uploads\/2024\/03\/holytek-prodaja-novih-strojeva-3.webp","contentUrl":"https:\/\/ind-mtc.com\/wp-content\/uploads\/2024\/03\/holytek-prodaja-novih-strojeva-3.webp","width":800,"height":632},{"@type":"BreadcrumbList","@id":"https:\/\/ind-mtc.com\/de\/im-woodworking-technologies\/verkauf-von-neumaschinen\/#breadcrumb","itemListElement":[{"@type":"ListItem","position":1,"name":"Po\u010detna stranica","item":"https:\/\/ind-mtc.com\/de\/"},{"@type":"ListItem","position":2,"name":"Verkauf von Neumaschinen"}]},{"@type":"WebSite","@id":"https:\/\/ind-mtc.com\/de\/#website","url":"https:\/\/ind-mtc.com\/de\/","name":"Industrial Maintenance","description":"","publisher":{"@id":"https:\/\/ind-mtc.com\/de\/#organization"},"potentialAction":[{"@type":"SearchAction","target":{"@type":"EntryPoint","urlTemplate":"https:\/\/ind-mtc.com\/de\/?s={search_term_string}"},"query-input":"required name=search_term_string"}],"inLanguage":"de"},{"@type":"Organization","@id":"https:\/\/ind-mtc.com\/de\/#organization","name":"Industrial Maintenance","url":"https:\/\/ind-mtc.com\/de\/","logo":{"@type":"ImageObject","inLanguage":"de","@id":"https:\/\/ind-mtc.com\/de\/#\/schema\/logo\/image\/","url":"https:\/\/ind-mtc.com\/wp-content\/uploads\/2024\/03\/logo.png","contentUrl":"https:\/\/ind-mtc.com\/wp-content\/uploads\/2024\/03\/logo.png","width":662,"height":196,"caption":"Industrial Maintenance"},"image":{"@id":"https:\/\/ind-mtc.com\/de\/#\/schema\/logo\/image\/"}}]}},"_links":{"self":[{"href":"https:\/\/ind-mtc.com\/de\/wp-json\/wp\/v2\/pages\/384","targetHints":{"allow":["GET"]}}],"collection":[{"href":"https:\/\/ind-mtc.com\/de\/wp-json\/wp\/v2\/pages"}],"about":[{"href":"https:\/\/ind-mtc.com\/de\/wp-json\/wp\/v2\/types\/page"}],"author":[{"embeddable":true,"href":"https:\/\/ind-mtc.com\/de\/wp-json\/wp\/v2\/users\/1"}],"replies":[{"embeddable":true,"href":"https:\/\/ind-mtc.com\/de\/wp-json\/wp\/v2\/comments?post=384"}],"version-history":[{"count":1,"href":"https:\/\/ind-mtc.com\/de\/wp-json\/wp\/v2\/pages\/384\/revisions"}],"predecessor-version":[{"id":389,"href":"https:\/\/ind-mtc.com\/de\/wp-json\/wp\/v2\/pages\/384\/revisions\/389"}],"up":[{"embeddable":true,"href":"https:\/\/ind-mtc.com\/de\/wp-json\/wp\/v2\/pages\/369"}],"wp:featuredmedia":[{"embeddable":true,"href":"https:\/\/ind-mtc.com\/de\/wp-json\/wp\/v2\/media\/315"}],"wp:attachment":[{"href":"https:\/\/ind-mtc.com\/de\/wp-json\/wp\/v2\/media?parent=384"}],"curies":[{"name":"wp","href":"https:\/\/api.w.org\/{rel}","templated":true}]}}