{"id":386,"date":"2024-03-06T09:27:02","date_gmt":"2024-03-06T08:27:02","guid":{"rendered":"http:\/\/ind-mtc.local\/im-woodworking-technologies\/servis-i-obnova-strojeva\/"},"modified":"2024-04-26T09:20:22","modified_gmt":"2024-04-26T07:20:22","slug":"service-und-umbau-von-maschinen","status":"publish","type":"page","link":"https:\/\/ind-mtc.com\/de\/im-woodworking-technologies\/service-und-umbau-von-maschinen\/","title":{"rendered":"Service und Umbau von Maschinen"},"content":{"rendered":"\n<p>Die industrielle Produktion und die sich \u00e4ndernden Marktchancen erlauben in einigen F\u00e4llen keine Investition in neue Ausr\u00fcstung. Obwohl wir alle das Neue und das Moderne lieben, sind manchmal keine gro\u00dfen und fragw\u00fcrdigen Investitionen erforderlich, wenn Sie Ihre Maschinen modernisieren k\u00f6nnen.<\/p>\n","protected":false},"excerpt":{"rendered":"<p>Die industrielle Produktion und die sich \u00e4ndernden Marktchancen erlauben in einigen F\u00e4llen keine Investition in neue Ausr\u00fcstung. Obwohl wir alle das Neue und das Moderne lieben, sind manchmal keine gro\u00dfen und fragw\u00fcrdigen Investitionen erforderlich, wenn Sie Ihre Maschinen modernisieren k\u00f6nnen.<\/p>\n","protected":false},"author":1,"featured_media":302,"parent":369,"menu_order":0,"comment_status":"closed","ping_status":"closed","template":"page-service.php","meta":{"_acf_changed":false,"footnotes":""},"class_list":["post-386","page","type-page","status-publish","has-post-thumbnail","hentry"],"acf":[],"yoast_head":"<!-- This site is optimized with the Yoast SEO plugin v22.6 - https:\/\/yoast.com\/wordpress\/plugins\/seo\/ -->\n<title>Service und Umbau von Maschinen - Industrial Maintenance<\/title>\n<meta name=\"robots\" content=\"index, follow, max-snippet:-1, max-image-preview:large, max-video-preview:-1\" \/>\n<link rel=\"canonical\" href=\"https:\/\/ind-mtc.com\/de\/im-woodworking-technologies\/service-und-umbau-von-maschinen\/\" \/>\n<meta property=\"og:locale\" content=\"de_DE\" \/>\n<meta property=\"og:type\" content=\"article\" \/>\n<meta property=\"og:title\" content=\"Service und Umbau von Maschinen - Industrial Maintenance\" \/>\n<meta property=\"og:description\" content=\"Die industrielle Produktion und die sich \u00e4ndernden Marktchancen erlauben in einigen F\u00e4llen keine Investition in neue Ausr\u00fcstung. Obwohl wir alle das Neue und das Moderne lieben, sind manchmal keine gro\u00dfen und fragw\u00fcrdigen Investitionen erforderlich, wenn Sie Ihre Maschinen modernisieren k\u00f6nnen.\" \/>\n<meta property=\"og:url\" content=\"https:\/\/ind-mtc.com\/de\/im-woodworking-technologies\/service-und-umbau-von-maschinen\/\" \/>\n<meta property=\"og:site_name\" content=\"Industrial Maintenance\" \/>\n<meta property=\"article:modified_time\" content=\"2024-04-26T07:20:22+00:00\" \/>\n<meta property=\"og:image\" content=\"https:\/\/ind-mtc.com\/wp-content\/uploads\/2024\/03\/servis-obnova-strojeva-1-scaled.webp\" \/>\n\t<meta property=\"og:image:width\" content=\"2560\" \/>\n\t<meta property=\"og:image:height\" content=\"1920\" \/>\n\t<meta property=\"og:image:type\" content=\"image\/webp\" \/>\n<meta name=\"twitter:card\" content=\"summary_large_image\" \/>\n<meta name=\"twitter:label1\" content=\"Gesch\u00e4tzte Lesezeit\" \/>\n\t<meta name=\"twitter:data1\" content=\"1\u00a0Minute\" \/>\n<script type=\"application\/ld+json\" class=\"yoast-schema-graph\">{\"@context\":\"https:\/\/schema.org\",\"@graph\":[{\"@type\":\"WebPage\",\"@id\":\"https:\/\/ind-mtc.com\/de\/im-woodworking-technologies\/service-und-umbau-von-maschinen\/\",\"url\":\"https:\/\/ind-mtc.com\/de\/im-woodworking-technologies\/service-und-umbau-von-maschinen\/\",\"name\":\"Service und Umbau von Maschinen - Industrial Maintenance\",\"isPartOf\":{\"@id\":\"https:\/\/ind-mtc.com\/de\/#website\"},\"primaryImageOfPage\":{\"@id\":\"https:\/\/ind-mtc.com\/de\/im-woodworking-technologies\/service-und-umbau-von-maschinen\/#primaryimage\"},\"image\":{\"@id\":\"https:\/\/ind-mtc.com\/de\/im-woodworking-technologies\/service-und-umbau-von-maschinen\/#primaryimage\"},\"thumbnailUrl\":\"https:\/\/ind-mtc.com\/wp-content\/uploads\/2024\/03\/servis-obnova-strojeva-1-scaled.webp\",\"datePublished\":\"2024-03-06T08:27:02+00:00\",\"dateModified\":\"2024-04-26T07:20:22+00:00\",\"breadcrumb\":{\"@id\":\"https:\/\/ind-mtc.com\/de\/im-woodworking-technologies\/service-und-umbau-von-maschinen\/#breadcrumb\"},\"inLanguage\":\"de\",\"potentialAction\":[{\"@type\":\"ReadAction\",\"target\":[\"https:\/\/ind-mtc.com\/de\/im-woodworking-technologies\/service-und-umbau-von-maschinen\/\"]}]},{\"@type\":\"ImageObject\",\"inLanguage\":\"de\",\"@id\":\"https:\/\/ind-mtc.com\/de\/im-woodworking-technologies\/service-und-umbau-von-maschinen\/#primaryimage\",\"url\":\"https:\/\/ind-mtc.com\/wp-content\/uploads\/2024\/03\/servis-obnova-strojeva-1-scaled.webp\",\"contentUrl\":\"https:\/\/ind-mtc.com\/wp-content\/uploads\/2024\/03\/servis-obnova-strojeva-1-scaled.webp\",\"width\":2560,\"height\":1920},{\"@type\":\"BreadcrumbList\",\"@id\":\"https:\/\/ind-mtc.com\/de\/im-woodworking-technologies\/service-und-umbau-von-maschinen\/#breadcrumb\",\"itemListElement\":[{\"@type\":\"ListItem\",\"position\":1,\"name\":\"Po\u010detna stranica\",\"item\":\"https:\/\/ind-mtc.com\/de\/\"},{\"@type\":\"ListItem\",\"position\":2,\"name\":\"IM Woodworking Technologies\",\"item\":\"https:\/\/ind-mtc.com\/de\/im-woodworking-technologies\/\"},{\"@type\":\"ListItem\",\"position\":3,\"name\":\"Service und Umbau von Maschinen\"}]},{\"@type\":\"WebSite\",\"@id\":\"https:\/\/ind-mtc.com\/de\/#website\",\"url\":\"https:\/\/ind-mtc.com\/de\/\",\"name\":\"Industrial Maintenance\",\"description\":\"\",\"publisher\":{\"@id\":\"https:\/\/ind-mtc.com\/de\/#organization\"},\"potentialAction\":[{\"@type\":\"SearchAction\",\"target\":{\"@type\":\"EntryPoint\",\"urlTemplate\":\"https:\/\/ind-mtc.com\/de\/?s={search_term_string}\"},\"query-input\":\"required name=search_term_string\"}],\"inLanguage\":\"de\"},{\"@type\":\"Organization\",\"@id\":\"https:\/\/ind-mtc.com\/de\/#organization\",\"name\":\"Industrial Maintenance\",\"url\":\"https:\/\/ind-mtc.com\/de\/\",\"logo\":{\"@type\":\"ImageObject\",\"inLanguage\":\"de\",\"@id\":\"https:\/\/ind-mtc.com\/de\/#\/schema\/logo\/image\/\",\"url\":\"https:\/\/ind-mtc.com\/wp-content\/uploads\/2024\/03\/logo.png\",\"contentUrl\":\"https:\/\/ind-mtc.com\/wp-content\/uploads\/2024\/03\/logo.png\",\"width\":662,\"height\":196,\"caption\":\"Industrial Maintenance\"},\"image\":{\"@id\":\"https:\/\/ind-mtc.com\/de\/#\/schema\/logo\/image\/\"}}]}<\/script>\n<!-- \/ Yoast SEO plugin. -->","yoast_head_json":{"title":"Service und Umbau von Maschinen - Industrial Maintenance","robots":{"index":"index","follow":"follow","max-snippet":"max-snippet:-1","max-image-preview":"max-image-preview:large","max-video-preview":"max-video-preview:-1"},"canonical":"https:\/\/ind-mtc.com\/de\/im-woodworking-technologies\/service-und-umbau-von-maschinen\/","og_locale":"de_DE","og_type":"article","og_title":"Service und Umbau von Maschinen - Industrial Maintenance","og_description":"Die industrielle Produktion und die sich \u00e4ndernden Marktchancen erlauben in einigen F\u00e4llen keine Investition in neue Ausr\u00fcstung. Obwohl wir alle das Neue und das Moderne lieben, sind manchmal keine gro\u00dfen und fragw\u00fcrdigen Investitionen erforderlich, wenn Sie Ihre Maschinen modernisieren k\u00f6nnen.","og_url":"https:\/\/ind-mtc.com\/de\/im-woodworking-technologies\/service-und-umbau-von-maschinen\/","og_site_name":"Industrial Maintenance","article_modified_time":"2024-04-26T07:20:22+00:00","og_image":[{"width":2560,"height":1920,"url":"https:\/\/ind-mtc.com\/wp-content\/uploads\/2024\/03\/servis-obnova-strojeva-1-scaled.webp","type":"image\/webp"}],"twitter_card":"summary_large_image","twitter_misc":{"Gesch\u00e4tzte Lesezeit":"1\u00a0Minute"},"schema":{"@context":"https:\/\/schema.org","@graph":[{"@type":"WebPage","@id":"https:\/\/ind-mtc.com\/de\/im-woodworking-technologies\/service-und-umbau-von-maschinen\/","url":"https:\/\/ind-mtc.com\/de\/im-woodworking-technologies\/service-und-umbau-von-maschinen\/","name":"Service und Umbau von Maschinen - Industrial Maintenance","isPartOf":{"@id":"https:\/\/ind-mtc.com\/de\/#website"},"primaryImageOfPage":{"@id":"https:\/\/ind-mtc.com\/de\/im-woodworking-technologies\/service-und-umbau-von-maschinen\/#primaryimage"},"image":{"@id":"https:\/\/ind-mtc.com\/de\/im-woodworking-technologies\/service-und-umbau-von-maschinen\/#primaryimage"},"thumbnailUrl":"https:\/\/ind-mtc.com\/wp-content\/uploads\/2024\/03\/servis-obnova-strojeva-1-scaled.webp","datePublished":"2024-03-06T08:27:02+00:00","dateModified":"2024-04-26T07:20:22+00:00","breadcrumb":{"@id":"https:\/\/ind-mtc.com\/de\/im-woodworking-technologies\/service-und-umbau-von-maschinen\/#breadcrumb"},"inLanguage":"de","potentialAction":[{"@type":"ReadAction","target":["https:\/\/ind-mtc.com\/de\/im-woodworking-technologies\/service-und-umbau-von-maschinen\/"]}]},{"@type":"ImageObject","inLanguage":"de","@id":"https:\/\/ind-mtc.com\/de\/im-woodworking-technologies\/service-und-umbau-von-maschinen\/#primaryimage","url":"https:\/\/ind-mtc.com\/wp-content\/uploads\/2024\/03\/servis-obnova-strojeva-1-scaled.webp","contentUrl":"https:\/\/ind-mtc.com\/wp-content\/uploads\/2024\/03\/servis-obnova-strojeva-1-scaled.webp","width":2560,"height":1920},{"@type":"BreadcrumbList","@id":"https:\/\/ind-mtc.com\/de\/im-woodworking-technologies\/service-und-umbau-von-maschinen\/#breadcrumb","itemListElement":[{"@type":"ListItem","position":1,"name":"Po\u010detna stranica","item":"https:\/\/ind-mtc.com\/de\/"},{"@type":"ListItem","position":2,"name":"IM Woodworking Technologies","item":"https:\/\/ind-mtc.com\/de\/im-woodworking-technologies\/"},{"@type":"ListItem","position":3,"name":"Service und Umbau von Maschinen"}]},{"@type":"WebSite","@id":"https:\/\/ind-mtc.com\/de\/#website","url":"https:\/\/ind-mtc.com\/de\/","name":"Industrial Maintenance","description":"","publisher":{"@id":"https:\/\/ind-mtc.com\/de\/#organization"},"potentialAction":[{"@type":"SearchAction","target":{"@type":"EntryPoint","urlTemplate":"https:\/\/ind-mtc.com\/de\/?s={search_term_string}"},"query-input":"required name=search_term_string"}],"inLanguage":"de"},{"@type":"Organization","@id":"https:\/\/ind-mtc.com\/de\/#organization","name":"Industrial Maintenance","url":"https:\/\/ind-mtc.com\/de\/","logo":{"@type":"ImageObject","inLanguage":"de","@id":"https:\/\/ind-mtc.com\/de\/#\/schema\/logo\/image\/","url":"https:\/\/ind-mtc.com\/wp-content\/uploads\/2024\/03\/logo.png","contentUrl":"https:\/\/ind-mtc.com\/wp-content\/uploads\/2024\/03\/logo.png","width":662,"height":196,"caption":"Industrial Maintenance"},"image":{"@id":"https:\/\/ind-mtc.com\/de\/#\/schema\/logo\/image\/"}}]}},"_links":{"self":[{"href":"https:\/\/ind-mtc.com\/de\/wp-json\/wp\/v2\/pages\/386","targetHints":{"allow":["GET"]}}],"collection":[{"href":"https:\/\/ind-mtc.com\/de\/wp-json\/wp\/v2\/pages"}],"about":[{"href":"https:\/\/ind-mtc.com\/de\/wp-json\/wp\/v2\/types\/page"}],"author":[{"embeddable":true,"href":"https:\/\/ind-mtc.com\/de\/wp-json\/wp\/v2\/users\/1"}],"replies":[{"embeddable":true,"href":"https:\/\/ind-mtc.com\/de\/wp-json\/wp\/v2\/comments?post=386"}],"version-history":[{"count":2,"href":"https:\/\/ind-mtc.com\/de\/wp-json\/wp\/v2\/pages\/386\/revisions"}],"predecessor-version":[{"id":436,"href":"https:\/\/ind-mtc.com\/de\/wp-json\/wp\/v2\/pages\/386\/revisions\/436"}],"up":[{"embeddable":true,"href":"https:\/\/ind-mtc.com\/de\/wp-json\/wp\/v2\/pages\/369"}],"wp:featuredmedia":[{"embeddable":true,"href":"https:\/\/ind-mtc.com\/de\/wp-json\/wp\/v2\/media\/302"}],"wp:attachment":[{"href":"https:\/\/ind-mtc.com\/de\/wp-json\/wp\/v2\/media?parent=386"}],"curies":[{"name":"wp","href":"https:\/\/api.w.org\/{rel}","templated":true}]}}