{"id":394,"date":"2024-03-06T06:37:12","date_gmt":"2024-03-06T05:37:12","guid":{"rendered":"http:\/\/ind-mtc.local\/zatrazite-ponudu\/"},"modified":"2024-03-06T17:09:54","modified_gmt":"2024-03-06T16:09:54","slug":"fordern-sie-ein-angebot-an","status":"publish","type":"page","link":"https:\/\/ind-mtc.com\/de\/fordern-sie-ein-angebot-an\/","title":{"rendered":"Fordern Sie ein Angebot an"},"content":{"rendered":"\n<p class=\"has-text-align-center\">Sagen Sie uns, was Sie brauchen und finden Sie heraus, wie Sie Ihre Produktion verbessern k\u00f6nnen. F\u00fcllen Sie einen kurzen Fragebogen aus, und unser Expertenteam wird Ihnen in K\u00fcrze eine Antwort zu den Besonderheiten der von Ihnen gesuchten Dienstleistung geben, was sie an ihren Maschinen tun sollten und wie Sie den Produktionsprozess verbessern k\u00f6nnen.<\/p>\n\n\n\n<div class=\"wpcf7 no-js\" id=\"wpcf7-f366-o1\" lang=\"en-US\" dir=\"ltr\">\n<div class=\"screen-reader-response\"><p role=\"status\" aria-live=\"polite\" aria-atomic=\"true\"><\/p> <ul><\/ul><\/div>\n<form action=\"\/de\/wp-json\/wp\/v2\/pages\/394#wpcf7-f366-o1\" method=\"post\" class=\"wpcf7-form init\" aria-label=\"Contact form\" novalidate=\"novalidate\" data-status=\"init\">\n<div style=\"display: none;\">\n<input type=\"hidden\" name=\"_wpcf7\" value=\"366\" \/>\n<input type=\"hidden\" name=\"_wpcf7_version\" value=\"5.9.4\" \/>\n<input type=\"hidden\" name=\"_wpcf7_locale\" value=\"en_US\" \/>\n<input type=\"hidden\" name=\"_wpcf7_unit_tag\" value=\"wpcf7-f366-o1\" \/>\n<input type=\"hidden\" name=\"_wpcf7_container_post\" value=\"0\" \/>\n<input type=\"hidden\" name=\"_wpcf7_posted_data_hash\" value=\"\" \/>\n<input type=\"hidden\" name=\"_wpcf7_recaptcha_response\" value=\"\" \/>\n<\/div>\n<div class=\"defaultContent__Form\">\n\t<div class=\"defaultContent__FormDouble\">\n\t\t<p><span class=\"defaultContent__FormLabel\"> Ihr Firmenname (notwendig)<\/span><br \/>\n<span class=\"wpcf7-form-control-wrap\" data-name=\"naziv-poduzeca\"><input size=\"40\" class=\"wpcf7-form-control wpcf7-text wpcf7-validates-as-required\" aria-required=\"true\" aria-invalid=\"false\" placeholder=\"Eingeben ...\" value=\"\" type=\"text\" name=\"naziv-poduzeca\" \/><\/span>\n\t\t<\/p>\n\t<\/div>\n\t<div class=\"defaultContent__FormDouble\">\n\t\t<p><span class=\"defaultContent__FormLabel\"> Was ist Ihre Gesch\u00e4ftst\u00e4tigkeit?<\/span><br \/>\n<span class=\"wpcf7-form-control-wrap\" data-name=\"djelatnost\"><input size=\"40\" class=\"wpcf7-form-control wpcf7-text\" aria-invalid=\"false\" placeholder=\"Eingeben ...\" value=\"\" type=\"text\" name=\"djelatnost\" \/><\/span>\n\t\t<\/p>\n\t<\/div>\n\t<div class=\"defaultContent__FormRadio\">\n\t\t<p><span class=\"defaultContent__FormLabel\">Die Maschinen, an denen Sie arbeiten m\u00f6chten Sie<\/span><br \/>\n<span class=\"wpcf7-form-control-wrap\" data-name=\"strojevi\"><span class=\"wpcf7-form-control wpcf7-radio\"><span class=\"wpcf7-list-item first\"><label><input type=\"radio\" name=\"strojevi\" value=\"Automatizieren\" \/><span class=\"wpcf7-list-item-label\">Automatizieren<\/span><\/label><\/span><span class=\"wpcf7-list-item\"><label><input type=\"radio\" name=\"strojevi\" value=\"Umbauen und modernisieren\" \/><span class=\"wpcf7-list-item-label\">Umbauen und modernisieren<\/span><\/label><\/span><span class=\"wpcf7-list-item\"><label><input type=\"radio\" name=\"strojevi\" value=\"durch hochwertige Gebrauchtmaschinen ersetzen\" \/><span class=\"wpcf7-list-item-label\">durch hochwertige Gebrauchtmaschinen ersetzen<\/span><\/label><\/span><span class=\"wpcf7-list-item\"><label><input type=\"radio\" name=\"strojevi\" value=\"mit neue Maschine ersetzen\" \/><span class=\"wpcf7-list-item-label\">mit neue Maschine ersetzen<\/span><\/label><\/span><span class=\"wpcf7-list-item last\"><label><input type=\"radio\" name=\"strojevi\" value=\"erg\u00e4nzen mit einer Industriemaschine\" \/><span class=\"wpcf7-list-item-label\">erg\u00e4nzen mit einer Industriemaschine<\/span><\/label><\/span><\/span><\/span>\n\t\t<\/p>\n\t<\/div>\n\t<div class=\"defaultContent__FormRadioFull\">\n\t\t<p><span class=\"defaultContent__FormLabel\"> Haben Sie eine Idee f\u00fcr eine spezielle Maschine, die Ihre Produktion beschleunigt und verbessert?<\/span><br \/>\n<span class=\"wpcf7-form-control-wrap\" data-name=\"izrada-specijalnog\"><span class=\"wpcf7-form-control wpcf7-radio\"><span class=\"wpcf7-list-item first\"><label><input type=\"radio\" name=\"izrada-specijalnog\" value=\"Ja\" \/><span class=\"wpcf7-list-item-label\">Ja<\/span><\/label><\/span><span class=\"wpcf7-list-item last\"><label><input type=\"radio\" name=\"izrada-specijalnog\" value=\"Nein\" \/><span class=\"wpcf7-list-item-label\">Nein<\/span><\/label><\/span><\/span><\/span>\n\t\t<\/p>\n\t<\/div>\n\t<div class=\"defaultContent__FormRadioFull\">\n\t\t<p><span class=\"defaultContent__FormLabel\"> Zahlen Sie hohe Stromrechnungen f\u00fcr Ihr Unternehmen?<\/span><br \/>\n<span class=\"wpcf7-form-control-wrap\" data-name=\"visoki-racuni\"><span class=\"wpcf7-form-control wpcf7-radio\"><span class=\"wpcf7-list-item first\"><label><input type=\"radio\" name=\"visoki-racuni\" value=\"Ja\" \/><span class=\"wpcf7-list-item-label\">Ja<\/span><\/label><\/span><span class=\"wpcf7-list-item last\"><label><input type=\"radio\" name=\"visoki-racuni\" value=\"Nein\" \/><span class=\"wpcf7-list-item-label\">Nein<\/span><\/label><\/span><\/span><\/span>\n\t\t<\/p>\n\t<\/div>\n\t<div class=\"defaultContent__FormFull\">\n\t\t<p><span class=\"defaultContent__FormLabel\"> Welche Maschinen nutzen Sie in Ihrer Produktion?<\/span><br \/>\n<span class=\"wpcf7-form-control-wrap\" data-name=\"radni-strojevi\"><input size=\"40\" class=\"wpcf7-form-control wpcf7-text\" aria-invalid=\"false\" placeholder=\"Eingeben ...\" value=\"\" type=\"text\" name=\"radni-strojevi\" \/><\/span>\n\t\t<\/p>\n\t<\/div>\n\t<div class=\"defaultContent__FormFull\">\n\t\t<p><span class=\"defaultContent__FormLabel\">Haben Sie zus\u00e4zliche Fragen?<\/span><br \/>\n<span class=\"wpcf7-form-control-wrap\" data-name=\"dodatna\"><input size=\"40\" class=\"wpcf7-form-control wpcf7-text\" aria-invalid=\"false\" placeholder=\"Eingeben ...\" value=\"\" type=\"text\" name=\"dodatna\" \/><\/span>\n\t\t<\/p>\n\t<\/div>\n\t<div class=\"defaultContent__FormDouble\">\n\t\t<p><span class=\"defaultContent__FormLabel\">Ihre Name und Nachname (notwendig)<\/span><br \/>\n<span class=\"wpcf7-form-control-wrap\" data-name=\"ime-prezime\"><input size=\"40\" class=\"wpcf7-form-control wpcf7-text wpcf7-validates-as-required\" aria-required=\"true\" aria-invalid=\"false\" placeholder=\"Eingeben ...\" value=\"\" type=\"text\" name=\"ime-prezime\" \/><\/span>\n\t\t<\/p>\n\t<\/div>\n\t<div class=\"defaultContent__FormDouble\">\n\t\t<p><span class=\"defaultContent__FormLabel\">Ihre Kontaktnummer<\/span><br \/>\n<span class=\"wpcf7-form-control-wrap\" data-name=\"kontakt-broj\"><input size=\"40\" class=\"wpcf7-form-control wpcf7-text\" aria-invalid=\"false\" placeholder=\"Eingeben ...\" value=\"\" type=\"text\" name=\"kontakt-broj\" \/><\/span>\n\t\t<\/p>\n\t<\/div>\n\t<div class=\"defaultContent__FormFull\">\n\t\t<p><span class=\"defaultContent__FormLabel\">Ihre E-Mail (notwendig)<\/span><br \/>\n<span class=\"wpcf7-form-control-wrap\" data-name=\"email\"><input size=\"40\" class=\"wpcf7-form-control wpcf7-email wpcf7-validates-as-required wpcf7-text wpcf7-validates-as-email\" aria-required=\"true\" aria-invalid=\"false\" placeholder=\"Eingeben ...\" value=\"\" type=\"email\" name=\"email\" \/><\/span>\n\t\t<\/p>\n\t<\/div>\n\t<div class=\"defaultContent__FormFull\">\n\t\t<p><input class=\"wpcf7-form-control wpcf7-submit has-spinner button\" type=\"submit\" value=\"Anfrage absenden\" \/>\n\t\t<\/p>\n\t<\/div>\n<\/div><div class=\"wpcf7-response-output\" aria-hidden=\"true\"><\/div>\n<\/form>\n<\/div>\n\n","protected":false},"excerpt":{"rendered":"<p>Sagen Sie uns, was Sie brauchen und finden Sie heraus, wie Sie Ihre Produktion verbessern k\u00f6nnen. F\u00fcllen Sie einen kurzen Fragebogen aus, und unser Expertenteam wird Ihnen in K\u00fcrze eine Antwort zu den Besonderheiten der von Ihnen gesuchten Dienstleistung geben, was sie an ihren Maschinen tun sollten und wie Sie den Produktionsprozess verbessern k\u00f6nnen.<\/p>\n","protected":false},"author":1,"featured_media":0,"parent":0,"menu_order":0,"comment_status":"closed","ping_status":"closed","template":"page-offer.php","meta":{"_acf_changed":false,"footnotes":""},"class_list":["post-394","page","type-page","status-publish","hentry"],"acf":[],"yoast_head":"<!-- This site is optimized with the Yoast SEO plugin v22.6 - https:\/\/yoast.com\/wordpress\/plugins\/seo\/ -->\n<title>Fordern Sie ein Angebot an - Industrial Maintenance<\/title>\n<meta name=\"robots\" content=\"index, follow, max-snippet:-1, max-image-preview:large, max-video-preview:-1\" \/>\n<link rel=\"canonical\" href=\"https:\/\/ind-mtc.com\/de\/fordern-sie-ein-angebot-an\/\" \/>\n<meta property=\"og:locale\" content=\"de_DE\" \/>\n<meta property=\"og:type\" content=\"article\" \/>\n<meta property=\"og:title\" content=\"Fordern Sie ein Angebot an - Industrial Maintenance\" \/>\n<meta property=\"og:description\" content=\"Sagen Sie uns, was Sie brauchen und finden Sie heraus, wie Sie Ihre Produktion verbessern k\u00f6nnen. F\u00fcllen Sie einen kurzen Fragebogen aus, und unser Expertenteam wird Ihnen in K\u00fcrze eine Antwort zu den Besonderheiten der von Ihnen gesuchten Dienstleistung geben, was sie an ihren Maschinen tun sollten und wie Sie den Produktionsprozess verbessern k\u00f6nnen.\" \/>\n<meta property=\"og:url\" content=\"https:\/\/ind-mtc.com\/de\/fordern-sie-ein-angebot-an\/\" \/>\n<meta property=\"og:site_name\" content=\"Industrial Maintenance\" \/>\n<meta property=\"article:modified_time\" content=\"2024-03-06T16:09:54+00:00\" \/>\n<meta name=\"twitter:card\" content=\"summary_large_image\" \/>\n<script type=\"application\/ld+json\" class=\"yoast-schema-graph\">{\"@context\":\"https:\/\/schema.org\",\"@graph\":[{\"@type\":\"WebPage\",\"@id\":\"https:\/\/ind-mtc.com\/de\/fordern-sie-ein-angebot-an\/\",\"url\":\"https:\/\/ind-mtc.com\/de\/fordern-sie-ein-angebot-an\/\",\"name\":\"Fordern Sie ein Angebot an - Industrial Maintenance\",\"isPartOf\":{\"@id\":\"https:\/\/ind-mtc.com\/de\/#website\"},\"datePublished\":\"2024-03-06T05:37:12+00:00\",\"dateModified\":\"2024-03-06T16:09:54+00:00\",\"breadcrumb\":{\"@id\":\"https:\/\/ind-mtc.com\/de\/fordern-sie-ein-angebot-an\/#breadcrumb\"},\"inLanguage\":\"de\",\"potentialAction\":[{\"@type\":\"ReadAction\",\"target\":[\"https:\/\/ind-mtc.com\/de\/fordern-sie-ein-angebot-an\/\"]}]},{\"@type\":\"BreadcrumbList\",\"@id\":\"https:\/\/ind-mtc.com\/de\/fordern-sie-ein-angebot-an\/#breadcrumb\",\"itemListElement\":[{\"@type\":\"ListItem\",\"position\":1,\"name\":\"Po\u010detna stranica\",\"item\":\"https:\/\/ind-mtc.com\/de\/\"},{\"@type\":\"ListItem\",\"position\":2,\"name\":\"Fordern Sie ein Angebot an\"}]},{\"@type\":\"WebSite\",\"@id\":\"https:\/\/ind-mtc.com\/de\/#website\",\"url\":\"https:\/\/ind-mtc.com\/de\/\",\"name\":\"Industrial Maintenance\",\"description\":\"\",\"publisher\":{\"@id\":\"https:\/\/ind-mtc.com\/de\/#organization\"},\"potentialAction\":[{\"@type\":\"SearchAction\",\"target\":{\"@type\":\"EntryPoint\",\"urlTemplate\":\"https:\/\/ind-mtc.com\/de\/?s={search_term_string}\"},\"query-input\":\"required name=search_term_string\"}],\"inLanguage\":\"de\"},{\"@type\":\"Organization\",\"@id\":\"https:\/\/ind-mtc.com\/de\/#organization\",\"name\":\"Industrial Maintenance\",\"url\":\"https:\/\/ind-mtc.com\/de\/\",\"logo\":{\"@type\":\"ImageObject\",\"inLanguage\":\"de\",\"@id\":\"https:\/\/ind-mtc.com\/de\/#\/schema\/logo\/image\/\",\"url\":\"https:\/\/ind-mtc.com\/wp-content\/uploads\/2024\/03\/logo.png\",\"contentUrl\":\"https:\/\/ind-mtc.com\/wp-content\/uploads\/2024\/03\/logo.png\",\"width\":662,\"height\":196,\"caption\":\"Industrial Maintenance\"},\"image\":{\"@id\":\"https:\/\/ind-mtc.com\/de\/#\/schema\/logo\/image\/\"}}]}<\/script>\n<!-- \/ Yoast SEO plugin. -->","yoast_head_json":{"title":"Fordern Sie ein Angebot an - Industrial Maintenance","robots":{"index":"index","follow":"follow","max-snippet":"max-snippet:-1","max-image-preview":"max-image-preview:large","max-video-preview":"max-video-preview:-1"},"canonical":"https:\/\/ind-mtc.com\/de\/fordern-sie-ein-angebot-an\/","og_locale":"de_DE","og_type":"article","og_title":"Fordern Sie ein Angebot an - Industrial Maintenance","og_description":"Sagen Sie uns, was Sie brauchen und finden Sie heraus, wie Sie Ihre Produktion verbessern k\u00f6nnen. F\u00fcllen Sie einen kurzen Fragebogen aus, und unser Expertenteam wird Ihnen in K\u00fcrze eine Antwort zu den Besonderheiten der von Ihnen gesuchten Dienstleistung geben, was sie an ihren Maschinen tun sollten und wie Sie den Produktionsprozess verbessern k\u00f6nnen.","og_url":"https:\/\/ind-mtc.com\/de\/fordern-sie-ein-angebot-an\/","og_site_name":"Industrial Maintenance","article_modified_time":"2024-03-06T16:09:54+00:00","twitter_card":"summary_large_image","schema":{"@context":"https:\/\/schema.org","@graph":[{"@type":"WebPage","@id":"https:\/\/ind-mtc.com\/de\/fordern-sie-ein-angebot-an\/","url":"https:\/\/ind-mtc.com\/de\/fordern-sie-ein-angebot-an\/","name":"Fordern Sie ein Angebot an - Industrial Maintenance","isPartOf":{"@id":"https:\/\/ind-mtc.com\/de\/#website"},"datePublished":"2024-03-06T05:37:12+00:00","dateModified":"2024-03-06T16:09:54+00:00","breadcrumb":{"@id":"https:\/\/ind-mtc.com\/de\/fordern-sie-ein-angebot-an\/#breadcrumb"},"inLanguage":"de","potentialAction":[{"@type":"ReadAction","target":["https:\/\/ind-mtc.com\/de\/fordern-sie-ein-angebot-an\/"]}]},{"@type":"BreadcrumbList","@id":"https:\/\/ind-mtc.com\/de\/fordern-sie-ein-angebot-an\/#breadcrumb","itemListElement":[{"@type":"ListItem","position":1,"name":"Po\u010detna stranica","item":"https:\/\/ind-mtc.com\/de\/"},{"@type":"ListItem","position":2,"name":"Fordern Sie ein Angebot an"}]},{"@type":"WebSite","@id":"https:\/\/ind-mtc.com\/de\/#website","url":"https:\/\/ind-mtc.com\/de\/","name":"Industrial Maintenance","description":"","publisher":{"@id":"https:\/\/ind-mtc.com\/de\/#organization"},"potentialAction":[{"@type":"SearchAction","target":{"@type":"EntryPoint","urlTemplate":"https:\/\/ind-mtc.com\/de\/?s={search_term_string}"},"query-input":"required name=search_term_string"}],"inLanguage":"de"},{"@type":"Organization","@id":"https:\/\/ind-mtc.com\/de\/#organization","name":"Industrial Maintenance","url":"https:\/\/ind-mtc.com\/de\/","logo":{"@type":"ImageObject","inLanguage":"de","@id":"https:\/\/ind-mtc.com\/de\/#\/schema\/logo\/image\/","url":"https:\/\/ind-mtc.com\/wp-content\/uploads\/2024\/03\/logo.png","contentUrl":"https:\/\/ind-mtc.com\/wp-content\/uploads\/2024\/03\/logo.png","width":662,"height":196,"caption":"Industrial Maintenance"},"image":{"@id":"https:\/\/ind-mtc.com\/de\/#\/schema\/logo\/image\/"}}]}},"_links":{"self":[{"href":"https:\/\/ind-mtc.com\/de\/wp-json\/wp\/v2\/pages\/394","targetHints":{"allow":["GET"]}}],"collection":[{"href":"https:\/\/ind-mtc.com\/de\/wp-json\/wp\/v2\/pages"}],"about":[{"href":"https:\/\/ind-mtc.com\/de\/wp-json\/wp\/v2\/types\/page"}],"author":[{"embeddable":true,"href":"https:\/\/ind-mtc.com\/de\/wp-json\/wp\/v2\/users\/1"}],"replies":[{"embeddable":true,"href":"https:\/\/ind-mtc.com\/de\/wp-json\/wp\/v2\/comments?post=394"}],"version-history":[{"count":4,"href":"https:\/\/ind-mtc.com\/de\/wp-json\/wp\/v2\/pages\/394\/revisions"}],"predecessor-version":[{"id":420,"href":"https:\/\/ind-mtc.com\/de\/wp-json\/wp\/v2\/pages\/394\/revisions\/420"}],"wp:attachment":[{"href":"https:\/\/ind-mtc.com\/de\/wp-json\/wp\/v2\/media?parent=394"}],"curies":[{"name":"wp","href":"https:\/\/api.w.org\/{rel}","templated":true}]}}